{"id":1837,"date":"2020-07-12T17:51:39","date_gmt":"2020-07-12T17:51:39","guid":{"rendered":"https:\/\/staging.encore-can.com\/news-hub\/"},"modified":"2021-02-22T16:42:48","modified_gmt":"2021-02-22T16:42:48","slug":"news-hub","status":"publish","type":"page","link":"https:\/\/info.encore-can.com\/fr\/news-hub\/","title":{"rendered":"Centre de nouvelles"},"content":{"rendered":"\t\t<div data-elementor-type=\"wp-page\" data-elementor-id=\"1837\" class=\"elementor elementor-1837 elementor-1032\" data-elementor-post-type=\"page\">\n\t\t\t\t\t\t<section class=\"elementor-section elementor-top-section elementor-element elementor-element-e0b15b5 elementor-section-stretched logo-bg right elementor-section-boxed elementor-section-height-default elementor-section-height-default\" data-id=\"e0b15b5\" data-element_type=\"section\" data-settings=\"{&quot;stretch_section&quot;:&quot;section-stretched&quot;}\">\n\t\t\t\t\t\t<div class=\"elementor-container elementor-column-gap-default\">\n\t\t\t\t\t<div class=\"elementor-column elementor-col-33 elementor-top-column elementor-element elementor-element-3b3db4e\" data-id=\"3b3db4e\" data-element_type=\"column\">\n\t\t\t<div class=\"elementor-widget-wrap\">\n\t\t\t\t\t\t\t<\/div>\n\t\t<\/div>\n\t\t\t\t<div class=\"elementor-column elementor-col-33 elementor-top-column elementor-element elementor-element-06b8f9b\" data-id=\"06b8f9b\" data-element_type=\"column\">\n\t\t\t<div class=\"elementor-widget-wrap elementor-element-populated\">\n\t\t\t\t\t\t<div class=\"elementor-element elementor-element-11502b0 elementor-widget elementor-widget-heading\" data-id=\"11502b0\" data-element_type=\"widget\" data-widget_type=\"heading.default\">\n\t\t\t\t<div class=\"elementor-widget-container\">\n\t\t\t\t\t<h2 class=\"elementor-heading-title elementor-size-default\">Communiqu\u00e9s de presse<\/h2>\t\t\t\t<\/div>\n\t\t\t\t<\/div>\n\t\t\t\t\t<\/div>\n\t\t<\/div>\n\t\t\t\t<div class=\"elementor-column elementor-col-33 elementor-top-column elementor-element elementor-element-95ef535\" data-id=\"95ef535\" data-element_type=\"column\">\n\t\t\t<div class=\"elementor-widget-wrap\">\n\t\t\t\t\t\t\t<\/div>\n\t\t<\/div>\n\t\t\t\t\t<\/div>\n\t\t<\/section>\n\t\t\t\t<section class=\"elementor-section elementor-top-section elementor-element elementor-element-24ede6a elementor-section-stretched elementor-section-full_width elementor-section-height-default elementor-section-height-default\" data-id=\"24ede6a\" data-element_type=\"section\" data-settings=\"{&quot;stretch_section&quot;:&quot;section-stretched&quot;}\">\n\t\t\t\t\t\t<div class=\"elementor-container elementor-column-gap-default\">\n\t\t\t\t\t<div class=\"elementor-column elementor-col-100 elementor-top-column elementor-element elementor-element-94900a5\" data-id=\"94900a5\" data-element_type=\"column\">\n\t\t\t<div class=\"elementor-widget-wrap\">\n\t\t\t\t\t\t\t<\/div>\n\t\t<\/div>\n\t\t\t\t\t<\/div>\n\t\t<\/section>\n\t\t\t\t<section class=\"elementor-section elementor-top-section elementor-element elementor-element-44ec86c elementor-section-boxed elementor-section-height-default elementor-section-height-default\" data-id=\"44ec86c\" data-element_type=\"section\">\n\t\t\t\t\t\t<div class=\"elementor-container elementor-column-gap-default\">\n\t\t\t\t\t<div class=\"elementor-column elementor-col-100 elementor-top-column elementor-element elementor-element-b679e21\" data-id=\"b679e21\" data-element_type=\"column\">\n\t\t\t<div class=\"elementor-widget-wrap elementor-element-populated\">\n\t\t\t\t\t\t<div class=\"elementor-element elementor-element-e2c39ab elementor-widget elementor-widget-encore-posttype\" data-id=\"e2c39ab\" data-element_type=\"widget\" data-widget_type=\"encore-posttype.default\">\n\t\t\t\t<div class=\"elementor-widget-container\">\n\t\t\t\t\t<div class=\"container-fluid news-releases-elementor\">\n\t\t\t<div class=\"row\">\n\t\t\t<div class=\"col-md-4\">\n\t\t\t\t<img fetchpriority=\"high\" decoding=\"async\" width=\"1200\" height=\"630\" src=\"https:\/\/cdn.encoreglobal.com\/wp-content\/uploads\/sites\/3\/2025\/05\/09180458\/Encore-F100-LinkedIn-FR.png\" class=\"attachment-post-thumbnail size-post-thumbnail wp-post-image\" alt=\"\" srcset=\"https:\/\/cdn.encoreglobal.com\/wp-content\/uploads\/sites\/3\/2025\/05\/09180458\/Encore-F100-LinkedIn-FR.png 1200w, https:\/\/cdn.encoreglobal.com\/wp-content\/uploads\/sites\/3\/2025\/05\/09180458\/Encore-F100-LinkedIn-FR-300x158.png 300w, https:\/\/cdn.encoreglobal.com\/wp-content\/uploads\/sites\/3\/2025\/05\/09180458\/Encore-F100-LinkedIn-FR-1024x538.png 1024w, https:\/\/cdn.encoreglobal.com\/wp-content\/uploads\/sites\/3\/2025\/05\/09180458\/Encore-F100-LinkedIn-FR-768x403.png 768w\" sizes=\"(max-width: 1200px) 100vw, 1200px\" \/>\t\t\t<\/div>\n\t\t\t<div class=\"col-md-8\">\n\t\t\t\t<h3>Les m\u00e9dias Fortune et Great Place to Work d\u00e9signent Encore comme l&rsquo;une des 100 meilleures entreprises o\u00f9 travailler en 2025<\/h3>\t\t\t\t<div class=\"news-meta\">\n\t\t\t\t\t<div class=\"date\">mai 9, 2025<\/div>\n\t\t\t\t\t<div class=\"name\">News Release<\/div>\n\t\t\t\t<\/div>\n\n\t\t\t\t<div class=\"excerpt\">\n\t\t\t\t\t<p>Encore, leader mondial de la production \u00e9v\u00e9nementielle, est fi\u00e8re d&rsquo;annoncer son classement parmi les 100 meilleures entreprises o\u00f9 travailler\u00ae (Fortune 100 Best Companies to Work For\u00ae) par le magazine Fortune et Great Place To Work\u00ae. C&rsquo;est la premi\u00e8re fois qu&rsquo;Encore figure sur cette liste prestigieuse, apr\u00e8s avoir \u00e9t\u00e9 certifi\u00e9e comme une entreprise o\u00f9 il fait &#8230; <a href=\"https:\/\/info.encore-can.com\/fr\/news-releases\/les-medias-fortune-et-great-place-to-work-designent-encore-comme-lune-des-100-meilleures-entreprises-ou-travailler-en-2025\/\">En savoir plus<\/a><\/p>\n\t\t\t\t<\/div>\n\t\t\t<\/div>\n\t\t<\/div>\n\t\t\t<div class=\"row\">\n\t\t\t<div class=\"col-md-4\">\n\t\t\t\t<img decoding=\"async\" width=\"770\" height=\"601\" src=\"https:\/\/cdn.encoreglobal.com\/wp-content\/uploads\/sites\/3\/2025\/03\/03202738\/RBC-Patio-2025.jpg\" class=\"attachment-post-thumbnail size-post-thumbnail wp-post-image\" alt=\"\" srcset=\"https:\/\/cdn.encoreglobal.com\/wp-content\/uploads\/sites\/3\/2025\/03\/03202738\/RBC-Patio-2025.jpg 770w, https:\/\/cdn.encoreglobal.com\/wp-content\/uploads\/sites\/3\/2025\/03\/03202738\/RBC-Patio-2025-300x234.jpg 300w, https:\/\/cdn.encoreglobal.com\/wp-content\/uploads\/sites\/3\/2025\/03\/03202738\/RBC-Patio-2025-768x599.jpg 768w\" sizes=\"(max-width: 770px) 100vw, 770px\" \/>\t\t\t<\/div>\n\t\t\t<div class=\"col-md-8\">\n\t\t\t\t<h3>La Place RBC de London annonce qu&rsquo;Encore sera le nouveau commanditaire en titre de la terrasse de la rue King<\/h3>\t\t\t\t<div class=\"news-meta\">\n\t\t\t\t\t<div class=\"date\">mars 3, 2025<\/div>\n\t\t\t\t\t<div class=\"name\">News Release<\/div>\n\t\t\t\t<\/div>\n\n\t\t\t\t<div class=\"excerpt\">\n\t\t\t\t\t<p>POUR DIFFUSION IMM\u00c9DIATE La Place RBC de London annonce qu&rsquo;Encore sera le nouveau commanditaire en titre de la terrasse de la rue King London, Ontario \u2013 [Lundi le 3 mars] \u2013 La Place RBC de London est fi\u00e8re d&rsquo;annoncer qu&rsquo;Encore sera le nouveau commanditaire en titre de sa terrasse embl\u00e9matique de la rue King, officiellement &#8230; <a href=\"https:\/\/info.encore-can.com\/fr\/news-releases\/la-place-rbc-de-london-annonce-quencore-sera-le-nouveau-commanditaire-en-titre-de-la-terrasse-de-la-rue-king\/\">En savoir plus<\/a><\/p>\n\t\t\t\t<\/div>\n\t\t\t<\/div>\n\t\t<\/div>\n\t\t\t<div class=\"row\">\n\t\t\t<div class=\"col-md-4\">\n\t\t\t\t<img decoding=\"async\" width=\"2560\" height=\"1280\" src=\"https:\/\/cdn.encoreglobal.com\/wp-content\/uploads\/sites\/3\/2025\/01\/08232915\/Great-Place-to-Work-Canada-2024-GPTW-scaled.jpg\" class=\"attachment-post-thumbnail size-post-thumbnail wp-post-image\" alt=\"\" srcset=\"https:\/\/cdn.encoreglobal.com\/wp-content\/uploads\/sites\/3\/2025\/01\/08232915\/Great-Place-to-Work-Canada-2024-GPTW-scaled.jpg 2560w, https:\/\/cdn.encoreglobal.com\/wp-content\/uploads\/sites\/3\/2025\/01\/08232915\/Great-Place-to-Work-Canada-2024-GPTW-300x150.jpg 300w, https:\/\/cdn.encoreglobal.com\/wp-content\/uploads\/sites\/3\/2025\/01\/08232915\/Great-Place-to-Work-Canada-2024-GPTW-1024x512.jpg 1024w, https:\/\/cdn.encoreglobal.com\/wp-content\/uploads\/sites\/3\/2025\/01\/08232915\/Great-Place-to-Work-Canada-2024-GPTW-768x384.jpg 768w, https:\/\/cdn.encoreglobal.com\/wp-content\/uploads\/sites\/3\/2025\/01\/08232915\/Great-Place-to-Work-Canada-2024-GPTW-1536x768.jpg 1536w, https:\/\/cdn.encoreglobal.com\/wp-content\/uploads\/sites\/3\/2025\/01\/08232915\/Great-Place-to-Work-Canada-2024-GPTW-2048x1024.jpg 2048w\" sizes=\"(max-width: 2560px) 100vw, 2560px\" \/>\t\t\t<\/div>\n\t\t\t<div class=\"col-md-8\">\n\t\t\t\t<h3>Encore obtient la certification Great Place To Work\u2122 dans 11 pays<\/h3>\t\t\t\t<div class=\"news-meta\">\n\t\t\t\t\t<div class=\"date\">janvier 14, 2025<\/div>\n\t\t\t\t\t<div class=\"name\">News Release<\/div>\n\t\t\t\t<\/div>\n\n\t\t\t\t<div class=\"excerpt\">\n\t\t\t\t\t<p>La certification valide l&rsquo;accent mis par Encore sur le d\u00e9veloppement de son personnel et l&rsquo;excellence de son service. Mississauga, ON 3 oct. 2024- Encore a annonc\u00e9 aujourd&rsquo;hui l&rsquo;obtention de sa certification Great Place To Work\u2122 2024-2025 au Canada et dans les 10 autres pays \u00e9ligibles, notamment : Australie, Autriche, France, Allemagne, Mexique, Nouvelle-Z\u00e9lande, Suisse, \u00c9mirats &#8230; <a href=\"https:\/\/info.encore-can.com\/fr\/news-releases\/encore-obtient-la-certification-great-place-to-work-dans-11-pays\/\">En savoir plus<\/a><\/p>\n\t\t\t\t<\/div>\n\t\t\t<\/div>\n\t\t<\/div>\n\t<\/div>\n\t\t\t\t<\/div>\n\t\t\t\t<\/div>\n\t\t\t\t\t<\/div>\n\t\t<\/div>\n\t\t\t\t\t<\/div>\n\t\t<\/section>\n\t\t\t\t<section class=\"elementor-section elementor-top-section elementor-element elementor-element-2478789 elementor-section-stretched elementor-section-boxed elementor-section-height-default elementor-section-height-default\" data-id=\"2478789\" data-element_type=\"section\" data-settings=\"{&quot;stretch_section&quot;:&quot;section-stretched&quot;,&quot;background_background&quot;:&quot;classic&quot;}\">\n\t\t\t\t\t\t<div class=\"elementor-container elementor-column-gap-default\">\n\t\t\t\t\t<div class=\"elementor-column elementor-col-33 elementor-top-column elementor-element elementor-element-6897799\" data-id=\"6897799\" data-element_type=\"column\">\n\t\t\t<div class=\"elementor-widget-wrap elementor-element-populated\">\n\t\t\t\t\t\t<div class=\"elementor-element elementor-element-27e5901 elementor-widget elementor-widget-image\" data-id=\"27e5901\" data-element_type=\"widget\" data-widget_type=\"image.default\">\n\t\t\t\t<div class=\"elementor-widget-container\">\n\t\t\t\t\t\t\t\t\t\t\t\t\t\t\t<img loading=\"lazy\" decoding=\"async\" width=\"335\" height=\"412\" src=\"https:\/\/cdn.encoreglobal.com\/wp-content\/uploads\/sites\/3\/2020\/07\/28213218\/encore-icon.png\" class=\"attachment-large size-large wp-image-1162\" alt=\"\" srcset=\"https:\/\/cdn.encoreglobal.com\/wp-content\/uploads\/sites\/3\/2020\/07\/28213218\/encore-icon.png 335w, https:\/\/cdn.encoreglobal.com\/wp-content\/uploads\/sites\/3\/2020\/07\/28213218\/encore-icon-244x300.png 244w\" sizes=\"(max-width: 335px) 100vw, 335px\" \/>\t\t\t\t\t\t\t\t\t\t\t\t\t\t\t<\/div>\n\t\t\t\t<\/div>\n\t\t\t\t\t<\/div>\n\t\t<\/div>\n\t\t\t\t<div class=\"elementor-column elementor-col-33 elementor-top-column elementor-element elementor-element-1972b08\" data-id=\"1972b08\" data-element_type=\"column\">\n\t\t\t<div class=\"elementor-widget-wrap elementor-element-populated\">\n\t\t\t\t\t\t<div class=\"elementor-element elementor-element-8c5cb6d elementor-widget elementor-widget-text-editor\" data-id=\"8c5cb6d\" data-element_type=\"widget\" data-widget_type=\"text-editor.default\">\n\t\t\t\t<div class=\"elementor-widget-container\">\n\t\t\t\t\t\t\t\t\t<p style=\"margin-bottom: 0\">ENCORE<\/p>\n<h3 style=\"font-size: 35px\"><strong>ACTIFS DE LA MARQUE<\/strong><\/h3>\n<p>L&rsquo;identit\u00e9 d&rsquo;entreprise d&rsquo;Encore. Photos et images sous licence \u00e0 des fins \u00e9ditoriales. C&rsquo;est ce que nous sommes et comment nous souhaitons \u00eatre repr\u00e9sent\u00e9s sur le march\u00e9.<\/p>\n<p><a style=\"color: #fff\" href=\"\/media-assets\/\"><strong>Cliquez ici pour t\u00e9l\u00e9charger<\/strong><\/a><\/p>\t\t\t\t\t\t\t\t<\/div>\n\t\t\t\t<\/div>\n\t\t\t\t\t<\/div>\n\t\t<\/div>\n\t\t\t\t<div class=\"elementor-column elementor-col-33 elementor-top-column elementor-element elementor-element-f5fc3f2\" data-id=\"f5fc3f2\" data-element_type=\"column\">\n\t\t\t<div class=\"elementor-widget-wrap\">\n\t\t\t\t\t\t\t<\/div>\n\t\t<\/div>\n\t\t\t\t\t<\/div>\n\t\t<\/section>\n\t\t\t\t<section class=\"elementor-section elementor-top-section elementor-element elementor-element-dbf1d4b elementor-section-boxed elementor-section-height-default elementor-section-height-default\" data-id=\"dbf1d4b\" data-element_type=\"section\">\n\t\t\t\t\t\t<div class=\"elementor-container elementor-column-gap-default\">\n\t\t\t\t\t<div class=\"elementor-column elementor-col-100 elementor-top-column elementor-element elementor-element-fd163ac\" data-id=\"fd163ac\" data-element_type=\"column\">\n\t\t\t<div class=\"elementor-widget-wrap\">\n\t\t\t\t\t\t\t<\/div>\n\t\t<\/div>\n\t\t\t\t\t<\/div>\n\t\t<\/section>\n\t\t\t\t<\/div>\n\t\t","protected":false},"excerpt":{"rendered":"<p>Communiqu\u00e9s de presse PSAV\u00ae D\u00c9BUTE SES OP\u00c9RATIONS SOUS LA MARQUE ENCORE\u00ae janvier 11, 2021 News Release L\u2019entreprise unifi\u00e9e apporte plus de valeur aux clients et aux \u00e9tablissements partenaires SCHILLER PARK, Illinois, 11 janvier 2021 \u2013 PSAV, la premi\u00e8re soci\u00e9t\u00e9 mondiale de production d\u2019\u00e9v\u00e9nements, a annonc\u00e9 aujourd\u2019hui qu\u2019elle d\u00e9bute ses op\u00e9rations sous la marque Encore dans &#8230; <a href=\"https:\/\/info.encore-can.com\/fr\/news-releases\/encore-obtient-la-certification-great-place-to-work-dans-11-pays\/\">En savoir plus<\/a><\/p>\n","protected":false},"author":6934,"featured_media":0,"parent":0,"menu_order":0,"comment_status":"closed","ping_status":"closed","template":"","meta":{"footnotes":""},"tags":[],"class_list":["post-1837","page","type-page","status-publish","hentry"],"yoast_head":"<!-- This site is optimized with the Yoast SEO Premium plugin v25.4 (Yoast SEO v25.4) - https:\/\/yoast.com\/wordpress\/plugins\/seo\/ -->\n<title>Centre de nouvelles - Encore Canada<\/title>\n<meta name=\"robots\" content=\"noindex, follow, max-snippet:-1, max-image-preview:large, max-video-preview:-1\" \/>\n<meta property=\"og:locale\" content=\"fr_CA\" \/>\n<meta property=\"og:type\" content=\"article\" \/>\n<meta property=\"og:title\" content=\"Centre de nouvelles\" \/>\n<meta property=\"og:description\" content=\"Communiqu\u00e9s de presse PSAV\u00ae D\u00c9BUTE SES OP\u00c9RATIONS SOUS LA MARQUE ENCORE\u00ae janvier 11, 2021 News Release L\u2019entreprise unifi\u00e9e apporte plus de valeur aux clients et aux \u00e9tablissements partenaires SCHILLER PARK, Illinois, 11 janvier 2021 \u2013 PSAV, la premi\u00e8re soci\u00e9t\u00e9 mondiale de production d\u2019\u00e9v\u00e9nements, a annonc\u00e9 aujourd\u2019hui qu\u2019elle d\u00e9bute ses op\u00e9rations sous la marque Encore dans ... En savoir plus\" \/>\n<meta property=\"og:url\" content=\"https:\/\/info.encore-can.com\/fr\/news-hub\/\" \/>\n<meta property=\"og:site_name\" content=\"Encore Canada\" \/>\n<meta property=\"article:modified_time\" content=\"2021-02-22T16:42:48+00:00\" \/>\n<meta property=\"og:image\" content=\"https:\/\/encoreglobal.com\/app\/uploads\/sites\/3\/2021\/01\/Encore_FR_Logo.png\" \/>\n<meta name=\"twitter:card\" content=\"summary_large_image\" \/>\n<meta name=\"twitter:label1\" content=\"Estimation du temps de lecture\" \/>\n\t<meta name=\"twitter:data1\" content=\"2 minutes\" \/>\n<script type=\"application\/ld+json\" class=\"yoast-schema-graph\">{\"@context\":\"https:\/\/schema.org\",\"@graph\":[{\"@type\":\"WebPage\",\"@id\":\"https:\/\/info.encore-can.com\/fr\/news-hub\/\",\"url\":\"https:\/\/info.encore-can.com\/fr\/news-hub\/\",\"name\":\"Centre de nouvelles - Encore Canada\",\"isPartOf\":{\"@id\":\"https:\/\/info.encore-can.com\/#website\"},\"primaryImageOfPage\":{\"@id\":\"https:\/\/info.encore-can.com\/fr\/news-hub\/#primaryimage\"},\"image\":{\"@id\":\"https:\/\/info.encore-can.com\/fr\/news-hub\/#primaryimage\"},\"thumbnailUrl\":\"https:\/\/encoreglobal.com\/app\/uploads\/sites\/3\/2021\/01\/Encore_FR_Logo.png\",\"datePublished\":\"2020-07-12T17:51:39+00:00\",\"dateModified\":\"2021-02-22T16:42:48+00:00\",\"breadcrumb\":{\"@id\":\"https:\/\/info.encore-can.com\/fr\/news-hub\/#breadcrumb\"},\"inLanguage\":\"fr-CA\",\"potentialAction\":[{\"@type\":\"ReadAction\",\"target\":[\"https:\/\/info.encore-can.com\/fr\/news-hub\/\"]}]},{\"@type\":\"ImageObject\",\"inLanguage\":\"fr-CA\",\"@id\":\"https:\/\/info.encore-can.com\/fr\/news-hub\/#primaryimage\",\"url\":\"https:\/\/encoreglobal.com\/app\/uploads\/sites\/3\/2021\/01\/Encore_FR_Logo.png\",\"contentUrl\":\"https:\/\/encoreglobal.com\/app\/uploads\/sites\/3\/2021\/01\/Encore_FR_Logo.png\"},{\"@type\":\"BreadcrumbList\",\"@id\":\"https:\/\/info.encore-can.com\/fr\/news-hub\/#breadcrumb\",\"itemListElement\":[{\"@type\":\"ListItem\",\"position\":1,\"name\":\"Home\",\"item\":\"https:\/\/info.encore-can.com\/fr\/\"},{\"@type\":\"ListItem\",\"position\":2,\"name\":\"Centre de nouvelles\"}]},{\"@type\":\"WebSite\",\"@id\":\"https:\/\/info.encore-can.com\/#website\",\"url\":\"https:\/\/info.encore-can.com\/\",\"name\":\"Encore Canada\",\"description\":\"Events That Transform\",\"publisher\":{\"@id\":\"https:\/\/info.encore-can.com\/#organization\"},\"potentialAction\":[{\"@type\":\"SearchAction\",\"target\":{\"@type\":\"EntryPoint\",\"urlTemplate\":\"https:\/\/info.encore-can.com\/?s={search_term_string}\"},\"query-input\":{\"@type\":\"PropertyValueSpecification\",\"valueRequired\":true,\"valueName\":\"search_term_string\"}}],\"inLanguage\":\"fr-CA\"},{\"@type\":\"Organization\",\"@id\":\"https:\/\/info.encore-can.com\/#organization\",\"name\":\"Encore Canada\",\"url\":\"https:\/\/info.encore-can.com\/\",\"logo\":{\"@type\":\"ImageObject\",\"inLanguage\":\"fr-CA\",\"@id\":\"https:\/\/info.encore-can.com\/#\/schema\/logo\/image\/\",\"url\":\"https:\/\/cdn.encoreglobal.com\/wp-content\/uploads\/sites\/3\/2021\/11\/12165255\/encore-logo.png\",\"contentUrl\":\"https:\/\/cdn.encoreglobal.com\/wp-content\/uploads\/sites\/3\/2021\/11\/12165255\/encore-logo.png\",\"width\":708,\"height\":395,\"caption\":\"Encore Canada\"},\"image\":{\"@id\":\"https:\/\/info.encore-can.com\/#\/schema\/logo\/image\/\"}}]}<\/script>\n<!-- \/ Yoast SEO Premium plugin. -->","yoast_head_json":{"title":"Centre de nouvelles - Encore Canada","robots":{"index":"noindex","follow":"follow","max-snippet":"max-snippet:-1","max-image-preview":"max-image-preview:large","max-video-preview":"max-video-preview:-1"},"og_locale":"fr_CA","og_type":"article","og_title":"Centre de nouvelles","og_description":"Communiqu\u00e9s de presse PSAV\u00ae D\u00c9BUTE SES OP\u00c9RATIONS SOUS LA MARQUE ENCORE\u00ae janvier 11, 2021 News Release L\u2019entreprise unifi\u00e9e apporte plus de valeur aux clients et aux \u00e9tablissements partenaires SCHILLER PARK, Illinois, 11 janvier 2021 \u2013 PSAV, la premi\u00e8re soci\u00e9t\u00e9 mondiale de production d\u2019\u00e9v\u00e9nements, a annonc\u00e9 aujourd\u2019hui qu\u2019elle d\u00e9bute ses op\u00e9rations sous la marque Encore dans ... En savoir plus","og_url":"https:\/\/info.encore-can.com\/fr\/news-hub\/","og_site_name":"Encore Canada","article_modified_time":"2021-02-22T16:42:48+00:00","og_image":[{"url":"https:\/\/encoreglobal.com\/app\/uploads\/sites\/3\/2021\/01\/Encore_FR_Logo.png","type":"","width":"","height":""}],"twitter_card":"summary_large_image","twitter_misc":{"Estimation du temps de lecture":"2 minutes"},"schema":{"@context":"https:\/\/schema.org","@graph":[{"@type":"WebPage","@id":"https:\/\/info.encore-can.com\/fr\/news-hub\/","url":"https:\/\/info.encore-can.com\/fr\/news-hub\/","name":"Centre de nouvelles - Encore Canada","isPartOf":{"@id":"https:\/\/info.encore-can.com\/#website"},"primaryImageOfPage":{"@id":"https:\/\/info.encore-can.com\/fr\/news-hub\/#primaryimage"},"image":{"@id":"https:\/\/info.encore-can.com\/fr\/news-hub\/#primaryimage"},"thumbnailUrl":"https:\/\/encoreglobal.com\/app\/uploads\/sites\/3\/2021\/01\/Encore_FR_Logo.png","datePublished":"2020-07-12T17:51:39+00:00","dateModified":"2021-02-22T16:42:48+00:00","breadcrumb":{"@id":"https:\/\/info.encore-can.com\/fr\/news-hub\/#breadcrumb"},"inLanguage":"fr-CA","potentialAction":[{"@type":"ReadAction","target":["https:\/\/info.encore-can.com\/fr\/news-hub\/"]}]},{"@type":"ImageObject","inLanguage":"fr-CA","@id":"https:\/\/info.encore-can.com\/fr\/news-hub\/#primaryimage","url":"https:\/\/encoreglobal.com\/app\/uploads\/sites\/3\/2021\/01\/Encore_FR_Logo.png","contentUrl":"https:\/\/encoreglobal.com\/app\/uploads\/sites\/3\/2021\/01\/Encore_FR_Logo.png"},{"@type":"BreadcrumbList","@id":"https:\/\/info.encore-can.com\/fr\/news-hub\/#breadcrumb","itemListElement":[{"@type":"ListItem","position":1,"name":"Home","item":"https:\/\/info.encore-can.com\/fr\/"},{"@type":"ListItem","position":2,"name":"Centre de nouvelles"}]},{"@type":"WebSite","@id":"https:\/\/info.encore-can.com\/#website","url":"https:\/\/info.encore-can.com\/","name":"Encore Canada","description":"Events That Transform","publisher":{"@id":"https:\/\/info.encore-can.com\/#organization"},"potentialAction":[{"@type":"SearchAction","target":{"@type":"EntryPoint","urlTemplate":"https:\/\/info.encore-can.com\/?s={search_term_string}"},"query-input":{"@type":"PropertyValueSpecification","valueRequired":true,"valueName":"search_term_string"}}],"inLanguage":"fr-CA"},{"@type":"Organization","@id":"https:\/\/info.encore-can.com\/#organization","name":"Encore Canada","url":"https:\/\/info.encore-can.com\/","logo":{"@type":"ImageObject","inLanguage":"fr-CA","@id":"https:\/\/info.encore-can.com\/#\/schema\/logo\/image\/","url":"https:\/\/cdn.encoreglobal.com\/wp-content\/uploads\/sites\/3\/2021\/11\/12165255\/encore-logo.png","contentUrl":"https:\/\/cdn.encoreglobal.com\/wp-content\/uploads\/sites\/3\/2021\/11\/12165255\/encore-logo.png","width":708,"height":395,"caption":"Encore Canada"},"image":{"@id":"https:\/\/info.encore-can.com\/#\/schema\/logo\/image\/"}}]}},"_links":{"self":[{"href":"https:\/\/info.encore-can.com\/fr\/wp-json\/wp\/v2\/pages\/1837","targetHints":{"allow":["GET"]}}],"collection":[{"href":"https:\/\/info.encore-can.com\/fr\/wp-json\/wp\/v2\/pages"}],"about":[{"href":"https:\/\/info.encore-can.com\/fr\/wp-json\/wp\/v2\/types\/page"}],"author":[{"embeddable":true,"href":"https:\/\/info.encore-can.com\/fr\/wp-json\/wp\/v2\/users\/6934"}],"replies":[{"embeddable":true,"href":"https:\/\/info.encore-can.com\/fr\/wp-json\/wp\/v2\/comments?post=1837"}],"version-history":[{"count":0,"href":"https:\/\/info.encore-can.com\/fr\/wp-json\/wp\/v2\/pages\/1837\/revisions"}],"wp:attachment":[{"href":"https:\/\/info.encore-can.com\/fr\/wp-json\/wp\/v2\/media?parent=1837"}],"wp:term":[{"taxonomy":"post_tag","embeddable":true,"href":"https:\/\/info.encore-can.com\/fr\/wp-json\/wp\/v2\/tags?post=1837"}],"curies":[{"name":"wp","href":"https:\/\/api.w.org\/{rel}","templated":true}]}}