{"id":1839,"date":"2020-07-23T23:22:44","date_gmt":"2020-07-23T23:22:44","guid":{"rendered":"https:\/\/staging.encore-can.com\/rfp-form\/"},"modified":"2024-02-08T17:16:22","modified_gmt":"2024-02-08T17:16:22","slug":"rfp-form","status":"publish","type":"page","link":"https:\/\/info.encore-can.com\/fr\/rfp-form\/","title":{"rendered":"RFP Form"},"content":{"rendered":"\t\t<div data-elementor-type=\"wp-page\" data-elementor-id=\"1839\" class=\"elementor elementor-1839 elementor-1267\" data-elementor-post-type=\"page\">\n\t\t\t\t\t\t<section class=\"elementor-section elementor-top-section elementor-element elementor-element-5d3cfb6c elementor-section-boxed elementor-section-height-default elementor-section-height-default\" data-id=\"5d3cfb6c\" data-element_type=\"section\">\n\t\t\t\t\t\t<div class=\"elementor-container elementor-column-gap-default\">\n\t\t\t\t\t<div class=\"elementor-column elementor-col-100 elementor-top-column elementor-element elementor-element-39b7b43a\" data-id=\"39b7b43a\" data-element_type=\"column\">\n\t\t\t<div class=\"elementor-widget-wrap elementor-element-populated\">\n\t\t\t\t\t\t<div class=\"elementor-element elementor-element-1f528f8f elementor-widget elementor-widget-text-editor\" data-id=\"1f528f8f\" data-element_type=\"widget\" data-widget_type=\"text-editor.default\">\n\t\t\t\t<div class=\"elementor-widget-container\">\n\t\t\t\t\t\t\t\t\t<h1 style=\"padding-top: 40px;padding-bottom-40px;text-align: center\">Demande de proposition !<\/h1><p>Faites le premier pas dans la planification de votre prochaine r\u00e9union ou de votre prochain \u00e9v\u00e9nement. Il vous suffit de remplir le formulaire ci-dessous et l&rsquo;un de nos sp\u00e9cialistes des \u00e9v\u00e9nements vous contactera afin d&rsquo;examiner vos besoins et de pr\u00e9parer une proposition sur mesure !<\/p>\t\t\t\t\t\t\t\t<\/div>\n\t\t\t\t<\/div>\n\t\t\t\t<div class=\"elementor-element elementor-element-9907b77 elementor-align-center elementor-widget elementor-widget-button\" data-id=\"9907b77\" data-element_type=\"widget\" data-widget_type=\"button.default\">\n\t\t\t\t<div class=\"elementor-widget-container\">\n\t\t\t\t\t\t\t\t\t<div class=\"elementor-button-wrapper\">\n\t\t\t\t\t<a class=\"elementor-button elementor-button-link elementor-size-sm\" href=\"https:\/\/create.encore-can.com\/cafContactRFPStep1\">\n\t\t\t\t\t\t<span class=\"elementor-button-content-wrapper\">\n\t\t\t\t\t\t\t\t\t<span class=\"elementor-button-text\">Demande de proposition<\/span>\n\t\t\t\t\t<\/span>\n\t\t\t\t\t<\/a>\n\t\t\t\t<\/div>\n\t\t\t\t\t\t\t\t<\/div>\n\t\t\t\t<\/div>\n\t\t\t\t\t<\/div>\n\t\t<\/div>\n\t\t\t\t\t<\/div>\n\t\t<\/section>\n\t\t\t\t<\/div>\n\t\t","protected":false},"excerpt":{"rendered":"<p>Demande de proposition ! Faites le premier pas dans la planification de votre prochaine r\u00e9union ou de votre prochain \u00e9v\u00e9nement. Il vous suffit de remplir le formulaire ci-dessous et l&rsquo;un de nos sp\u00e9cialistes des \u00e9v\u00e9nements vous contactera afin d&rsquo;examiner vos besoins et de pr\u00e9parer une proposition sur mesure ! Demande de proposition &#8230; <a href=\"https:\/\/info.encore-can.com\/fr\/rfp-form\/\">En savoir plus<\/a><\/p>\n","protected":false},"author":1,"featured_media":0,"parent":0,"menu_order":0,"comment_status":"closed","ping_status":"closed","template":"","meta":{"footnotes":""},"tags":[],"class_list":["post-1839","page","type-page","status-publish","hentry"],"yoast_head":"<!-- This site is optimized with the Yoast SEO Premium plugin v25.4 (Yoast SEO v25.4) - https:\/\/yoast.com\/wordpress\/plugins\/seo\/ -->\n<title>RFP Form - Encore Canada<\/title>\n<meta name=\"robots\" content=\"noindex, follow, max-snippet:-1, max-image-preview:large, max-video-preview:-1\" \/>\n<meta property=\"og:locale\" content=\"fr_CA\" \/>\n<meta property=\"og:type\" content=\"article\" \/>\n<meta property=\"og:title\" content=\"RFP Form\" \/>\n<meta property=\"og:description\" content=\"Demande de proposition ! Faites le premier pas dans la planification de votre prochaine r\u00e9union ou de votre prochain \u00e9v\u00e9nement. Il vous suffit de remplir le formulaire ci-dessous et l&rsquo;un de nos sp\u00e9cialistes des \u00e9v\u00e9nements vous contactera afin d&rsquo;examiner vos besoins et de pr\u00e9parer une proposition sur mesure ! Demande de proposition ... En savoir plus\" \/>\n<meta property=\"og:url\" content=\"https:\/\/info.encore-can.com\/rfp-form\/\" \/>\n<meta property=\"og:site_name\" content=\"Encore Canada\" \/>\n<meta property=\"article:modified_time\" content=\"2024-02-08T17:16:22+00:00\" \/>\n<meta name=\"twitter:card\" content=\"summary_large_image\" \/>\n<meta name=\"twitter:label1\" content=\"Estimation du temps de lecture\" \/>\n\t<meta name=\"twitter:data1\" content=\"1 minute\" \/>\n<script type=\"application\/ld+json\" class=\"yoast-schema-graph\">{\"@context\":\"https:\/\/schema.org\",\"@graph\":[{\"@type\":\"WebPage\",\"@id\":\"https:\/\/info.encore-can.com\/rfp-form\/\",\"url\":\"https:\/\/info.encore-can.com\/rfp-form\/\",\"name\":\"RFP Form - Encore Canada\",\"isPartOf\":{\"@id\":\"https:\/\/info.encore-can.com\/#website\"},\"datePublished\":\"2020-07-23T23:22:44+00:00\",\"dateModified\":\"2024-02-08T17:16:22+00:00\",\"breadcrumb\":{\"@id\":\"https:\/\/info.encore-can.com\/rfp-form\/#breadcrumb\"},\"inLanguage\":\"fr-CA\",\"potentialAction\":[{\"@type\":\"ReadAction\",\"target\":[\"https:\/\/info.encore-can.com\/rfp-form\/\"]}]},{\"@type\":\"BreadcrumbList\",\"@id\":\"https:\/\/info.encore-can.com\/rfp-form\/#breadcrumb\",\"itemListElement\":[{\"@type\":\"ListItem\",\"position\":1,\"name\":\"Home\",\"item\":\"https:\/\/info.encore-can.com\/fr\/\"},{\"@type\":\"ListItem\",\"position\":2,\"name\":\"RFP Form\"}]},{\"@type\":\"WebSite\",\"@id\":\"https:\/\/info.encore-can.com\/#website\",\"url\":\"https:\/\/info.encore-can.com\/\",\"name\":\"Encore Canada\",\"description\":\"Events That Transform\",\"publisher\":{\"@id\":\"https:\/\/info.encore-can.com\/#organization\"},\"potentialAction\":[{\"@type\":\"SearchAction\",\"target\":{\"@type\":\"EntryPoint\",\"urlTemplate\":\"https:\/\/info.encore-can.com\/?s={search_term_string}\"},\"query-input\":{\"@type\":\"PropertyValueSpecification\",\"valueRequired\":true,\"valueName\":\"search_term_string\"}}],\"inLanguage\":\"fr-CA\"},{\"@type\":\"Organization\",\"@id\":\"https:\/\/info.encore-can.com\/#organization\",\"name\":\"Encore Canada\",\"url\":\"https:\/\/info.encore-can.com\/\",\"logo\":{\"@type\":\"ImageObject\",\"inLanguage\":\"fr-CA\",\"@id\":\"https:\/\/info.encore-can.com\/#\/schema\/logo\/image\/\",\"url\":\"https:\/\/cdn.encoreglobal.com\/wp-content\/uploads\/sites\/3\/2021\/11\/12165255\/encore-logo.png\",\"contentUrl\":\"https:\/\/cdn.encoreglobal.com\/wp-content\/uploads\/sites\/3\/2021\/11\/12165255\/encore-logo.png\",\"width\":708,\"height\":395,\"caption\":\"Encore Canada\"},\"image\":{\"@id\":\"https:\/\/info.encore-can.com\/#\/schema\/logo\/image\/\"}}]}<\/script>\n<!-- \/ Yoast SEO Premium plugin. -->","yoast_head_json":{"title":"RFP Form - Encore Canada","robots":{"index":"noindex","follow":"follow","max-snippet":"max-snippet:-1","max-image-preview":"max-image-preview:large","max-video-preview":"max-video-preview:-1"},"og_locale":"fr_CA","og_type":"article","og_title":"RFP Form","og_description":"Demande de proposition ! Faites le premier pas dans la planification de votre prochaine r\u00e9union ou de votre prochain \u00e9v\u00e9nement. Il vous suffit de remplir le formulaire ci-dessous et l&rsquo;un de nos sp\u00e9cialistes des \u00e9v\u00e9nements vous contactera afin d&rsquo;examiner vos besoins et de pr\u00e9parer une proposition sur mesure ! Demande de proposition ... En savoir plus","og_url":"https:\/\/info.encore-can.com\/rfp-form\/","og_site_name":"Encore Canada","article_modified_time":"2024-02-08T17:16:22+00:00","twitter_card":"summary_large_image","twitter_misc":{"Estimation du temps de lecture":"1 minute"},"schema":{"@context":"https:\/\/schema.org","@graph":[{"@type":"WebPage","@id":"https:\/\/info.encore-can.com\/rfp-form\/","url":"https:\/\/info.encore-can.com\/rfp-form\/","name":"RFP Form - Encore Canada","isPartOf":{"@id":"https:\/\/info.encore-can.com\/#website"},"datePublished":"2020-07-23T23:22:44+00:00","dateModified":"2024-02-08T17:16:22+00:00","breadcrumb":{"@id":"https:\/\/info.encore-can.com\/rfp-form\/#breadcrumb"},"inLanguage":"fr-CA","potentialAction":[{"@type":"ReadAction","target":["https:\/\/info.encore-can.com\/rfp-form\/"]}]},{"@type":"BreadcrumbList","@id":"https:\/\/info.encore-can.com\/rfp-form\/#breadcrumb","itemListElement":[{"@type":"ListItem","position":1,"name":"Home","item":"https:\/\/info.encore-can.com\/fr\/"},{"@type":"ListItem","position":2,"name":"RFP Form"}]},{"@type":"WebSite","@id":"https:\/\/info.encore-can.com\/#website","url":"https:\/\/info.encore-can.com\/","name":"Encore Canada","description":"Events That Transform","publisher":{"@id":"https:\/\/info.encore-can.com\/#organization"},"potentialAction":[{"@type":"SearchAction","target":{"@type":"EntryPoint","urlTemplate":"https:\/\/info.encore-can.com\/?s={search_term_string}"},"query-input":{"@type":"PropertyValueSpecification","valueRequired":true,"valueName":"search_term_string"}}],"inLanguage":"fr-CA"},{"@type":"Organization","@id":"https:\/\/info.encore-can.com\/#organization","name":"Encore Canada","url":"https:\/\/info.encore-can.com\/","logo":{"@type":"ImageObject","inLanguage":"fr-CA","@id":"https:\/\/info.encore-can.com\/#\/schema\/logo\/image\/","url":"https:\/\/cdn.encoreglobal.com\/wp-content\/uploads\/sites\/3\/2021\/11\/12165255\/encore-logo.png","contentUrl":"https:\/\/cdn.encoreglobal.com\/wp-content\/uploads\/sites\/3\/2021\/11\/12165255\/encore-logo.png","width":708,"height":395,"caption":"Encore Canada"},"image":{"@id":"https:\/\/info.encore-can.com\/#\/schema\/logo\/image\/"}}]}},"_links":{"self":[{"href":"https:\/\/info.encore-can.com\/fr\/wp-json\/wp\/v2\/pages\/1839","targetHints":{"allow":["GET"]}}],"collection":[{"href":"https:\/\/info.encore-can.com\/fr\/wp-json\/wp\/v2\/pages"}],"about":[{"href":"https:\/\/info.encore-can.com\/fr\/wp-json\/wp\/v2\/types\/page"}],"author":[{"embeddable":true,"href":"https:\/\/info.encore-can.com\/fr\/wp-json\/wp\/v2\/users\/1"}],"replies":[{"embeddable":true,"href":"https:\/\/info.encore-can.com\/fr\/wp-json\/wp\/v2\/comments?post=1839"}],"version-history":[{"count":0,"href":"https:\/\/info.encore-can.com\/fr\/wp-json\/wp\/v2\/pages\/1839\/revisions"}],"wp:attachment":[{"href":"https:\/\/info.encore-can.com\/fr\/wp-json\/wp\/v2\/media?parent=1839"}],"wp:term":[{"taxonomy":"post_tag","embeddable":true,"href":"https:\/\/info.encore-can.com\/fr\/wp-json\/wp\/v2\/tags?post=1839"}],"curies":[{"name":"wp","href":"https:\/\/api.w.org\/{rel}","templated":true}]}}