{"id":40980,"date":"2023-01-24T05:27:41","date_gmt":"2023-01-24T05:27:41","guid":{"rendered":"https:\/\/www.encore-can.com\/?page_id=40980"},"modified":"2023-11-21T05:26:02","modified_gmt":"2023-11-21T05:26:02","slug":"eclairage","status":"publish","type":"page","link":"https:\/\/info.encore-can.com\/fr\/eclairage\/","title":{"rendered":"\u00c9clairage"},"content":{"rendered":"\t\t<div data-elementor-type=\"wp-page\" data-elementor-id=\"40980\" class=\"elementor elementor-40980 elementor-2761\" data-elementor-post-type=\"page\">\n\t\t\t\t\t\t<section class=\"elementor-section elementor-top-section elementor-element elementor-element-5124120a elementor-section-stretched logo-bg left grey-border-bottom elementor-section-boxed elementor-section-height-default elementor-section-height-default\" data-id=\"5124120a\" data-element_type=\"section\" data-settings=\"{&quot;stretch_section&quot;:&quot;section-stretched&quot;,&quot;background_background&quot;:&quot;classic&quot;}\">\n\t\t\t\t\t\t<div class=\"elementor-container elementor-column-gap-default\">\n\t\t\t\t\t<div class=\"elementor-column elementor-col-100 elementor-top-column elementor-element elementor-element-65938a3d\" data-id=\"65938a3d\" data-element_type=\"column\">\n\t\t\t<div class=\"elementor-widget-wrap elementor-element-populated\">\n\t\t\t\t\t\t<div class=\"elementor-element elementor-element-1530366e elementor-widget elementor-widget-text-editor\" data-id=\"1530366e\" data-element_type=\"widget\" data-widget_type=\"text-editor.default\">\n\t\t\t\t<div class=\"elementor-widget-container\">\n\t\t\t\t\t\t\t\t\t<h2 style=\"text-align: center\">\u00c9clairage<\/h2><p>Nous pensons qu&rsquo;une conception judicieuse de l&rsquo;\u00e9clairage est fondamentale pour chaque \u00e9v\u00e9nement, qu&rsquo;il s&rsquo;agisse de grandes conf\u00e9rences, de soupers de gala, d&rsquo;expositions interactives, de petites r\u00e9unions ou de tout autre \u00e9v\u00e9nement. Nous avons une connaissance approfondie de l&rsquo;utilisation de la conception d&rsquo;\u00e9clairage cr\u00e9ative pour transformer les espaces en fonction de votre th\u00e8me, de votre marque ou m\u00eame pour passer de la conf\u00e9rence au gala.<\/p><p>Nos concepteurs d&rsquo;\u00e9clairage internes sont toujours \u00e0 la recherche de moyens cr\u00e9atifs et novateurs pour transmettre le message d&rsquo;une marque. Associ\u00e9s \u00e0 l&rsquo;exp\u00e9rience et au d\u00e9vouement de notre \u00e9quipe de production, vos options sont illimit\u00e9es.<\/p><p style=\"text-align: center\"><b>D\u00e9couvrez quelques-unes de nos solutions d&rsquo;\u00e9clairage uniques:<\/b><\/p>\t\t\t\t\t\t\t\t<\/div>\n\t\t\t\t<\/div>\n\t\t\t\t\t<\/div>\n\t\t<\/div>\n\t\t\t\t\t<\/div>\n\t\t<\/section>\n\t\t\t\t<section class=\"elementor-section elementor-top-section elementor-element elementor-element-563b0a66 elementor-section-stretched logo-bg right grey-border-bottom elementor-section-boxed elementor-section-height-default elementor-section-height-default\" data-id=\"563b0a66\" data-element_type=\"section\" data-settings=\"{&quot;stretch_section&quot;:&quot;section-stretched&quot;}\">\n\t\t\t\t\t\t<div class=\"elementor-container elementor-column-gap-default\">\n\t\t\t\t\t<div class=\"elementor-column elementor-col-66 elementor-top-column elementor-element elementor-element-1a52aa1f\" data-id=\"1a52aa1f\" data-element_type=\"column\">\n\t\t\t<div class=\"elementor-widget-wrap elementor-element-populated\">\n\t\t\t\t\t\t<div class=\"elementor-element elementor-element-74963692 elementor-widget elementor-widget-text-editor\" data-id=\"74963692\" data-element_type=\"widget\" data-widget_type=\"text-editor.default\">\n\t\t\t\t<div class=\"elementor-widget-container\">\n\t\t\t\t\t\t\t\t\t<h2>Solutions d&rsquo;\u00e9clairage<\/h2><p>Quelle que soit la taille ou le lieu de votre \u00e9v\u00e9nement, notre vaste gamme de solutions d&rsquo;\u00e9clairage offre des \u00e9l\u00e9ments convenant \u00e0 chaque occasion:<\/p><p style=\"padding-left: 40px\">&#8211; Gobos &#8211; de marque et personnalis\u00e9s<br \/>&#8211; Nettoyages de sc\u00e8ne<br \/>&#8211; \u00c9clairage th\u00e9\u00e2tral et LED<br \/>&#8211; \u00c9clairage profil\u00e9 \u00e0 haute puissance<br \/>&#8211; \u00c9clairage \u00e0 broches<br \/>&#8211; Ballons lunaires<br \/>&#8211; Lightitude<br \/>&#8211; \u00c9clairage vertical<br \/>&#8211; \u00c9clairage ext\u00e9rieur<\/p>\t\t\t\t\t\t\t\t<\/div>\n\t\t\t\t<\/div>\n\t\t\t\t\t<\/div>\n\t\t<\/div>\n\t\t\t\t<div class=\"elementor-column elementor-col-33 elementor-top-column elementor-element elementor-element-772a5aaa\" data-id=\"772a5aaa\" data-element_type=\"column\">\n\t\t\t<div class=\"elementor-widget-wrap elementor-element-populated\">\n\t\t\t\t\t\t<div class=\"elementor-element elementor-element-6145778 elementor-widget elementor-widget-image\" data-id=\"6145778\" data-element_type=\"widget\" data-widget_type=\"image.default\">\n\t\t\t\t<div class=\"elementor-widget-container\">\n\t\t\t\t\t\t\t\t\t\t\t\t\t\t\t\t<a href=\"https:\/\/info.encoreglobal.com\/app\/uploads\/sites\/3\/2020\/09\/hargrove_Bud-Light-House-of-Whatever_Superbowl-50_3.jpg\" data-elementor-open-lightbox=\"yes\" data-elementor-lightbox-title=\"hargrove_Bud-Light-House-of-Whatever_Superbowl-50_3.jpg\" data-e-action-hash=\"#elementor-action%3Aaction%3Dlightbox%26settings%3DeyJpZCI6MjYyMywidXJsIjoiaHR0cHM6XC9cL2Nkbi5lbmNvcmVnbG9iYWwuY29tXC93cC1jb250ZW50XC91cGxvYWRzXC9zaXRlc1wvM1wvMjAyMFwvMDlcLzI5MTkyNTI0XC9oYXJncm92ZV9CdWQtTGlnaHQtSG91c2Utb2YtV2hhdGV2ZXJfU3VwZXJib3dsLTUwXzMuanBnIn0%3D\">\n\t\t\t\t\t\t\t<img fetchpriority=\"high\" decoding=\"async\" width=\"1440\" height=\"950\" src=\"https:\/\/cdn.encoreglobal.com\/wp-content\/uploads\/sites\/3\/2020\/09\/29192524\/hargrove_Bud-Light-House-of-Whatever_Superbowl-50_3.jpg\" class=\"attachment-full size-full wp-image-2623\" alt=\"\" srcset=\"https:\/\/cdn.encoreglobal.com\/wp-content\/uploads\/sites\/3\/2020\/09\/29192524\/hargrove_Bud-Light-House-of-Whatever_Superbowl-50_3.jpg 1440w, https:\/\/cdn.encoreglobal.com\/wp-content\/uploads\/sites\/3\/2020\/09\/29192524\/hargrove_Bud-Light-House-of-Whatever_Superbowl-50_3-300x198.jpg 300w, https:\/\/cdn.encoreglobal.com\/wp-content\/uploads\/sites\/3\/2020\/09\/29192524\/hargrove_Bud-Light-House-of-Whatever_Superbowl-50_3-1024x676.jpg 1024w, https:\/\/cdn.encoreglobal.com\/wp-content\/uploads\/sites\/3\/2020\/09\/29192524\/hargrove_Bud-Light-House-of-Whatever_Superbowl-50_3-768x507.jpg 768w\" sizes=\"(max-width: 1440px) 100vw, 1440px\" \/>\t\t\t\t\t\t\t\t<\/a>\n\t\t\t\t\t\t\t\t\t\t\t\t\t\t\t<\/div>\n\t\t\t\t<\/div>\n\t\t\t\t\t<\/div>\n\t\t<\/div>\n\t\t\t\t\t<\/div>\n\t\t<\/section>\n\t\t\t\t<section class=\"elementor-section elementor-top-section elementor-element elementor-element-cac8305 elementor-section-boxed elementor-section-height-default elementor-section-height-default\" data-id=\"cac8305\" data-element_type=\"section\">\n\t\t\t\t\t\t<div class=\"elementor-container elementor-column-gap-default\">\n\t\t\t\t\t<div class=\"elementor-column elementor-col-100 elementor-top-column elementor-element elementor-element-2bd267f\" data-id=\"2bd267f\" data-element_type=\"column\">\n\t\t\t<div class=\"elementor-widget-wrap elementor-element-populated\">\n\t\t\t\t\t\t<div class=\"elementor-element elementor-element-ca9d689 elementor-widget elementor-widget-spacer\" data-id=\"ca9d689\" data-element_type=\"widget\" data-widget_type=\"spacer.default\">\n\t\t\t\t<div class=\"elementor-widget-container\">\n\t\t\t\t\t\t\t<div class=\"elementor-spacer\">\n\t\t\t<div class=\"elementor-spacer-inner\"><\/div>\n\t\t<\/div>\n\t\t\t\t\t\t<\/div>\n\t\t\t\t<\/div>\n\t\t\t\t\t<\/div>\n\t\t<\/div>\n\t\t\t\t\t<\/div>\n\t\t<\/section>\n\t\t\t\t<section class=\"elementor-section elementor-top-section elementor-element elementor-element-5c833ee elementor-section-boxed elementor-section-height-default elementor-section-height-default\" data-id=\"5c833ee\" data-element_type=\"section\">\n\t\t\t\t\t\t<div class=\"elementor-container elementor-column-gap-default\">\n\t\t\t\t\t<div class=\"elementor-column elementor-col-100 elementor-top-column elementor-element elementor-element-1eb2ee2\" data-id=\"1eb2ee2\" data-element_type=\"column\">\n\t\t\t<div class=\"elementor-widget-wrap elementor-element-populated\">\n\t\t\t\t\t\t<div class=\"elementor-element elementor-element-1e5aacb elementor-widget elementor-widget-text-editor\" data-id=\"1e5aacb\" data-element_type=\"widget\" data-widget_type=\"text-editor.default\">\n\t\t\t\t<div class=\"elementor-widget-container\">\n\t\t\t\t\t\t\t\t\t<div class=\"elementor-element elementor-element-2bf65b02 elementor-widget elementor-widget-heading\" data-id=\"2bf65b02\"><div class=\"elementor-widget-container\"><h2 class=\"elementor-heading-title elementor-size-default\" style=\"text-align: center;\">Discutons de vos besoins en mati\u00e8re d&rsquo;exp\u00e9rience \u00e9v\u00e9nementielle.<\/h2><\/div><\/div><div class=\"elementor-element elementor-element-2133247d elementor-widget elementor-widget-text-editor\" data-id=\"2133247d\"><div class=\"elementor-widget-container\"><div class=\"elementor-text-editor elementor-clearfix\"><h3 style=\"text-align: center;\">Appelez-nous au 888-287-3687 ou cliquez sur le bouton ci-dessous pour d\u00e9buter !<\/h3><p style=\"text-align: center;\"><span class=\"nanospell-typo\">Pour contacter un \u00e9tablissement sp\u00e9cifique, veuillez proc\u00e9der via le localisateur global. Cela vous permettra d\u2019entrer directement en contact avec l\u2019\u00e9quipe de l&rsquo;\u00e9tablissement qui pourra mieux vous aider avec votre exp\u00e9rience \u00e9v\u00e9nementielle.<\/span><\/p><\/div><\/div><\/div>\t\t\t\t\t\t\t\t<\/div>\n\t\t\t\t<\/div>\n\t\t\t\t<div class=\"elementor-element elementor-element-21dfea4 elementor-align-center encore-utm-lightbox elementor-widget elementor-widget-button\" data-id=\"21dfea4\" data-element_type=\"widget\" data-widget_type=\"button.default\">\n\t\t\t\t<div class=\"elementor-widget-container\">\n\t\t\t\t\t\t\t\t\t<div class=\"elementor-button-wrapper\">\n\t\t\t\t\t<a class=\"elementor-button elementor-button-link elementor-size-sm\" href=\"https:\/\/create.encore-can.com\/cafContact\" data-width=\"800\">\n\t\t\t\t\t\t<span class=\"elementor-button-content-wrapper\">\n\t\t\t\t\t\t\t\t\t<span class=\"elementor-button-text\">Contactez-nous<\/span>\n\t\t\t\t\t<\/span>\n\t\t\t\t\t<\/a>\n\t\t\t\t<\/div>\n\t\t\t\t\t\t\t\t<\/div>\n\t\t\t\t<\/div>\n\t\t\t\t\t<\/div>\n\t\t<\/div>\n\t\t\t\t\t<\/div>\n\t\t<\/section>\n\t\t\t\t<\/div>\n\t\t","protected":false},"excerpt":{"rendered":"<p>\u00c9clairage Nous pensons qu&rsquo;une conception judicieuse de l&rsquo;\u00e9clairage est fondamentale pour chaque \u00e9v\u00e9nement, qu&rsquo;il s&rsquo;agisse de grandes conf\u00e9rences, de soupers de gala, d&rsquo;expositions interactives, de petites r\u00e9unions ou de tout autre \u00e9v\u00e9nement. Nous avons une connaissance approfondie de l&rsquo;utilisation de la conception d&rsquo;\u00e9clairage cr\u00e9ative pour transformer les espaces en fonction de votre th\u00e8me, de votre &#8230; <a href=\"https:\/\/info.encore-can.com\/fr\/eclairage\/\">En savoir plus<\/a><\/p>\n","protected":false},"author":6935,"featured_media":2565,"parent":0,"menu_order":0,"comment_status":"closed","ping_status":"closed","template":"","meta":{"footnotes":""},"tags":[],"class_list":["post-40980","page","type-page","status-publish","has-post-thumbnail","hentry"],"yoast_head":"<!-- This site is optimized with the Yoast SEO Premium plugin v25.4 (Yoast SEO v25.4) - https:\/\/yoast.com\/wordpress\/plugins\/seo\/ -->\n<title>\u00c9clairage - Encore Canada<\/title>\n<meta name=\"robots\" content=\"noindex, follow, max-snippet:-1, max-image-preview:large, max-video-preview:-1\" \/>\n<meta property=\"og:locale\" content=\"fr_CA\" \/>\n<meta property=\"og:type\" content=\"article\" \/>\n<meta property=\"og:title\" content=\"\u00c9clairage\" \/>\n<meta property=\"og:description\" content=\"\u00c9clairage Nous pensons qu&rsquo;une conception judicieuse de l&rsquo;\u00e9clairage est fondamentale pour chaque \u00e9v\u00e9nement, qu&rsquo;il s&rsquo;agisse de grandes conf\u00e9rences, de soupers de gala, d&rsquo;expositions interactives, de petites r\u00e9unions ou de tout autre \u00e9v\u00e9nement. Nous avons une connaissance approfondie de l&rsquo;utilisation de la conception d&rsquo;\u00e9clairage cr\u00e9ative pour transformer les espaces en fonction de votre th\u00e8me, de votre ... En savoir plus\" \/>\n<meta property=\"og:url\" content=\"https:\/\/info.encore-can.com\/lighting\/\" \/>\n<meta property=\"og:site_name\" content=\"Encore Canada\" \/>\n<meta property=\"article:modified_time\" content=\"2023-11-21T05:26:02+00:00\" \/>\n<meta property=\"og:image\" content=\"https:\/\/cdn.encoreglobal.com\/wp-content\/uploads\/sites\/3\/2020\/09\/29192250\/IMG_0012-scaled-1.jpg\" \/>\n\t<meta property=\"og:image:width\" content=\"2560\" \/>\n\t<meta property=\"og:image:height\" content=\"1707\" \/>\n\t<meta property=\"og:image:type\" content=\"image\/jpeg\" \/>\n<meta name=\"twitter:card\" content=\"summary_large_image\" \/>\n<meta name=\"twitter:label1\" content=\"Estimation du temps de lecture\" \/>\n\t<meta name=\"twitter:data1\" content=\"2 minutes\" \/>\n<script type=\"application\/ld+json\" class=\"yoast-schema-graph\">{\"@context\":\"https:\/\/schema.org\",\"@graph\":[{\"@type\":\"WebPage\",\"@id\":\"https:\/\/info.encore-can.com\/lighting\/\",\"url\":\"https:\/\/info.encore-can.com\/lighting\/\",\"name\":\"\u00c9clairage - Encore Canada\",\"isPartOf\":{\"@id\":\"https:\/\/info.encore-can.com\/#website\"},\"primaryImageOfPage\":{\"@id\":\"https:\/\/info.encore-can.com\/lighting\/#primaryimage\"},\"image\":{\"@id\":\"https:\/\/info.encore-can.com\/lighting\/#primaryimage\"},\"thumbnailUrl\":\"https:\/\/cdn.encoreglobal.com\/wp-content\/uploads\/sites\/3\/2020\/09\/29192250\/IMG_0012-scaled-1.jpg\",\"datePublished\":\"2023-01-24T05:27:41+00:00\",\"dateModified\":\"2023-11-21T05:26:02+00:00\",\"breadcrumb\":{\"@id\":\"https:\/\/info.encore-can.com\/lighting\/#breadcrumb\"},\"inLanguage\":\"fr-CA\",\"potentialAction\":[{\"@type\":\"ReadAction\",\"target\":[\"https:\/\/info.encore-can.com\/lighting\/\"]}]},{\"@type\":\"ImageObject\",\"inLanguage\":\"fr-CA\",\"@id\":\"https:\/\/info.encore-can.com\/lighting\/#primaryimage\",\"url\":\"https:\/\/cdn.encoreglobal.com\/wp-content\/uploads\/sites\/3\/2020\/09\/29192250\/IMG_0012-scaled-1.jpg\",\"contentUrl\":\"https:\/\/cdn.encoreglobal.com\/wp-content\/uploads\/sites\/3\/2020\/09\/29192250\/IMG_0012-scaled-1.jpg\",\"width\":2560,\"height\":1707,\"caption\":\"Event Lighting Services\"},{\"@type\":\"BreadcrumbList\",\"@id\":\"https:\/\/info.encore-can.com\/lighting\/#breadcrumb\",\"itemListElement\":[{\"@type\":\"ListItem\",\"position\":1,\"name\":\"Home\",\"item\":\"https:\/\/info.encore-can.com\/fr\/\"},{\"@type\":\"ListItem\",\"position\":2,\"name\":\"\u00c9clairage\"}]},{\"@type\":\"WebSite\",\"@id\":\"https:\/\/info.encore-can.com\/#website\",\"url\":\"https:\/\/info.encore-can.com\/\",\"name\":\"Encore Canada\",\"description\":\"Events That Transform\",\"publisher\":{\"@id\":\"https:\/\/info.encore-can.com\/#organization\"},\"potentialAction\":[{\"@type\":\"SearchAction\",\"target\":{\"@type\":\"EntryPoint\",\"urlTemplate\":\"https:\/\/info.encore-can.com\/?s={search_term_string}\"},\"query-input\":{\"@type\":\"PropertyValueSpecification\",\"valueRequired\":true,\"valueName\":\"search_term_string\"}}],\"inLanguage\":\"fr-CA\"},{\"@type\":\"Organization\",\"@id\":\"https:\/\/info.encore-can.com\/#organization\",\"name\":\"Encore Canada\",\"url\":\"https:\/\/info.encore-can.com\/\",\"logo\":{\"@type\":\"ImageObject\",\"inLanguage\":\"fr-CA\",\"@id\":\"https:\/\/info.encore-can.com\/#\/schema\/logo\/image\/\",\"url\":\"https:\/\/cdn.encoreglobal.com\/wp-content\/uploads\/sites\/3\/2021\/11\/12165255\/encore-logo.png\",\"contentUrl\":\"https:\/\/cdn.encoreglobal.com\/wp-content\/uploads\/sites\/3\/2021\/11\/12165255\/encore-logo.png\",\"width\":708,\"height\":395,\"caption\":\"Encore Canada\"},\"image\":{\"@id\":\"https:\/\/info.encore-can.com\/#\/schema\/logo\/image\/\"}}]}<\/script>\n<!-- \/ Yoast SEO Premium plugin. -->","yoast_head_json":{"title":"\u00c9clairage - Encore Canada","robots":{"index":"noindex","follow":"follow","max-snippet":"max-snippet:-1","max-image-preview":"max-image-preview:large","max-video-preview":"max-video-preview:-1"},"og_locale":"fr_CA","og_type":"article","og_title":"\u00c9clairage","og_description":"\u00c9clairage Nous pensons qu&rsquo;une conception judicieuse de l&rsquo;\u00e9clairage est fondamentale pour chaque \u00e9v\u00e9nement, qu&rsquo;il s&rsquo;agisse de grandes conf\u00e9rences, de soupers de gala, d&rsquo;expositions interactives, de petites r\u00e9unions ou de tout autre \u00e9v\u00e9nement. Nous avons une connaissance approfondie de l&rsquo;utilisation de la conception d&rsquo;\u00e9clairage cr\u00e9ative pour transformer les espaces en fonction de votre th\u00e8me, de votre ... En savoir plus","og_url":"https:\/\/info.encore-can.com\/lighting\/","og_site_name":"Encore Canada","article_modified_time":"2023-11-21T05:26:02+00:00","og_image":[{"width":2560,"height":1707,"url":"https:\/\/cdn.encoreglobal.com\/wp-content\/uploads\/sites\/3\/2020\/09\/29192250\/IMG_0012-scaled-1.jpg","type":"image\/jpeg"}],"twitter_card":"summary_large_image","twitter_misc":{"Estimation du temps de lecture":"2 minutes"},"schema":{"@context":"https:\/\/schema.org","@graph":[{"@type":"WebPage","@id":"https:\/\/info.encore-can.com\/lighting\/","url":"https:\/\/info.encore-can.com\/lighting\/","name":"\u00c9clairage - Encore Canada","isPartOf":{"@id":"https:\/\/info.encore-can.com\/#website"},"primaryImageOfPage":{"@id":"https:\/\/info.encore-can.com\/lighting\/#primaryimage"},"image":{"@id":"https:\/\/info.encore-can.com\/lighting\/#primaryimage"},"thumbnailUrl":"https:\/\/cdn.encoreglobal.com\/wp-content\/uploads\/sites\/3\/2020\/09\/29192250\/IMG_0012-scaled-1.jpg","datePublished":"2023-01-24T05:27:41+00:00","dateModified":"2023-11-21T05:26:02+00:00","breadcrumb":{"@id":"https:\/\/info.encore-can.com\/lighting\/#breadcrumb"},"inLanguage":"fr-CA","potentialAction":[{"@type":"ReadAction","target":["https:\/\/info.encore-can.com\/lighting\/"]}]},{"@type":"ImageObject","inLanguage":"fr-CA","@id":"https:\/\/info.encore-can.com\/lighting\/#primaryimage","url":"https:\/\/cdn.encoreglobal.com\/wp-content\/uploads\/sites\/3\/2020\/09\/29192250\/IMG_0012-scaled-1.jpg","contentUrl":"https:\/\/cdn.encoreglobal.com\/wp-content\/uploads\/sites\/3\/2020\/09\/29192250\/IMG_0012-scaled-1.jpg","width":2560,"height":1707,"caption":"Event Lighting Services"},{"@type":"BreadcrumbList","@id":"https:\/\/info.encore-can.com\/lighting\/#breadcrumb","itemListElement":[{"@type":"ListItem","position":1,"name":"Home","item":"https:\/\/info.encore-can.com\/fr\/"},{"@type":"ListItem","position":2,"name":"\u00c9clairage"}]},{"@type":"WebSite","@id":"https:\/\/info.encore-can.com\/#website","url":"https:\/\/info.encore-can.com\/","name":"Encore Canada","description":"Events That Transform","publisher":{"@id":"https:\/\/info.encore-can.com\/#organization"},"potentialAction":[{"@type":"SearchAction","target":{"@type":"EntryPoint","urlTemplate":"https:\/\/info.encore-can.com\/?s={search_term_string}"},"query-input":{"@type":"PropertyValueSpecification","valueRequired":true,"valueName":"search_term_string"}}],"inLanguage":"fr-CA"},{"@type":"Organization","@id":"https:\/\/info.encore-can.com\/#organization","name":"Encore Canada","url":"https:\/\/info.encore-can.com\/","logo":{"@type":"ImageObject","inLanguage":"fr-CA","@id":"https:\/\/info.encore-can.com\/#\/schema\/logo\/image\/","url":"https:\/\/cdn.encoreglobal.com\/wp-content\/uploads\/sites\/3\/2021\/11\/12165255\/encore-logo.png","contentUrl":"https:\/\/cdn.encoreglobal.com\/wp-content\/uploads\/sites\/3\/2021\/11\/12165255\/encore-logo.png","width":708,"height":395,"caption":"Encore Canada"},"image":{"@id":"https:\/\/info.encore-can.com\/#\/schema\/logo\/image\/"}}]}},"_links":{"self":[{"href":"https:\/\/info.encore-can.com\/fr\/wp-json\/wp\/v2\/pages\/40980","targetHints":{"allow":["GET"]}}],"collection":[{"href":"https:\/\/info.encore-can.com\/fr\/wp-json\/wp\/v2\/pages"}],"about":[{"href":"https:\/\/info.encore-can.com\/fr\/wp-json\/wp\/v2\/types\/page"}],"author":[{"embeddable":true,"href":"https:\/\/info.encore-can.com\/fr\/wp-json\/wp\/v2\/users\/6935"}],"replies":[{"embeddable":true,"href":"https:\/\/info.encore-can.com\/fr\/wp-json\/wp\/v2\/comments?post=40980"}],"version-history":[{"count":0,"href":"https:\/\/info.encore-can.com\/fr\/wp-json\/wp\/v2\/pages\/40980\/revisions"}],"wp:featuredmedia":[{"embeddable":true,"href":"https:\/\/info.encore-can.com\/fr\/wp-json\/wp\/v2\/media\/2565"}],"wp:attachment":[{"href":"https:\/\/info.encore-can.com\/fr\/wp-json\/wp\/v2\/media?parent=40980"}],"wp:term":[{"taxonomy":"post_tag","embeddable":true,"href":"https:\/\/info.encore-can.com\/fr\/wp-json\/wp\/v2\/tags?post=40980"}],"curies":[{"name":"wp","href":"https:\/\/api.w.org\/{rel}","templated":true}]}}