{"id":40982,"date":"2023-01-24T05:31:00","date_gmt":"2023-01-24T05:31:00","guid":{"rendered":"https:\/\/www.encore-can.com\/?page_id=40982"},"modified":"2023-01-26T21:28:51","modified_gmt":"2023-01-26T21:28:51","slug":"presenter-support","status":"publish","type":"page","link":"https:\/\/info.encore-can.com\/fr\/presenter-support\/","title":{"rendered":"Soutien aux pr\u00e9sentateurs"},"content":{"rendered":"\t\t<div data-elementor-type=\"wp-page\" data-elementor-id=\"40982\" class=\"elementor elementor-40982 elementor-2783\" data-elementor-post-type=\"page\">\n\t\t\t\t\t\t<section class=\"elementor-section elementor-top-section elementor-element elementor-element-a8b5b44 elementor-section-boxed elementor-section-height-default elementor-section-height-default\" data-id=\"a8b5b44\" data-element_type=\"section\">\n\t\t\t\t\t\t<div class=\"elementor-container elementor-column-gap-default\">\n\t\t\t\t\t<div class=\"elementor-column elementor-col-100 elementor-top-column elementor-element elementor-element-aeb9b76\" data-id=\"aeb9b76\" data-element_type=\"column\">\n\t\t\t<div class=\"elementor-widget-wrap elementor-element-populated\">\n\t\t\t\t\t\t<div class=\"elementor-element elementor-element-1be9bc0 elementor-widget elementor-widget-heading\" data-id=\"1be9bc0\" data-element_type=\"widget\" data-widget_type=\"heading.default\">\n\t\t\t\t<div class=\"elementor-widget-container\">\n\t\t\t\t\t<h2 class=\"elementor-heading-title elementor-size-default\">Solutions pour petites r\u00e9unions et pr\u00e9sentations<\/h2>\t\t\t\t<\/div>\n\t\t\t\t<\/div>\n\t\t\t\t\t<\/div>\n\t\t<\/div>\n\t\t\t\t\t<\/div>\n\t\t<\/section>\n\t\t\t\t<section class=\"elementor-section elementor-top-section elementor-element elementor-element-a31fee9 elementor-section-boxed elementor-section-height-default elementor-section-height-default\" data-id=\"a31fee9\" data-element_type=\"section\">\n\t\t\t\t\t\t<div class=\"elementor-container elementor-column-gap-default\">\n\t\t\t\t\t<div class=\"elementor-column elementor-col-100 elementor-top-column elementor-element elementor-element-d87d839\" data-id=\"d87d839\" data-element_type=\"column\">\n\t\t\t<div class=\"elementor-widget-wrap elementor-element-populated\">\n\t\t\t\t\t\t<div class=\"elementor-element elementor-element-f2f2616 elementor-widget elementor-widget-spacer\" data-id=\"f2f2616\" data-element_type=\"widget\" data-widget_type=\"spacer.default\">\n\t\t\t\t<div class=\"elementor-widget-container\">\n\t\t\t\t\t\t\t<div class=\"elementor-spacer\">\n\t\t\t<div class=\"elementor-spacer-inner\"><\/div>\n\t\t<\/div>\n\t\t\t\t\t\t<\/div>\n\t\t\t\t<\/div>\n\t\t\t\t\t<\/div>\n\t\t<\/div>\n\t\t\t\t\t<\/div>\n\t\t<\/section>\n\t\t\t\t<section class=\"elementor-section elementor-top-section elementor-element elementor-element-cfd41ab elementor-section-boxed elementor-section-height-default elementor-section-height-default\" data-id=\"cfd41ab\" data-element_type=\"section\">\n\t\t\t\t\t\t<div class=\"elementor-container elementor-column-gap-default\">\n\t\t\t\t\t<div class=\"elementor-column elementor-col-100 elementor-top-column elementor-element elementor-element-1fd492b\" data-id=\"1fd492b\" data-element_type=\"column\">\n\t\t\t<div class=\"elementor-widget-wrap elementor-element-populated\">\n\t\t\t\t\t\t<div class=\"elementor-element elementor-element-b4a651e elementor-widget elementor-widget-text-editor\" data-id=\"b4a651e\" data-element_type=\"widget\" data-widget_type=\"text-editor.default\">\n\t\t\t\t<div class=\"elementor-widget-container\">\n\t\t\t\t\t\t\t\t\t<p>Supposons que vous faites une pr\u00e9sentation lors d&rsquo;une r\u00e9union hybride dans un \u00e9tablissement local ou lors d&rsquo;une conf\u00e9rence\/association en pr\u00e9sentiel \u00e0 travers le pays. Encore a des outils utiles permettant d&rsquo;optimiser votre exp\u00e9rience de r\u00e9union &#8211; o\u00f9 qu&rsquo;elle soit. Am\u00e9liorez votre pr\u00e9sentation avec des outils d&rsquo;engagement et d&rsquo;affichage vid\u00e9o, des \u00e9quipements d&rsquo;\u00e9clairage, et d&rsquo;autres formes d&rsquo;\u00e9l\u00e9vation de votre environnement de r\u00e9union.\u00a0<\/p>\t\t\t\t\t\t\t\t<\/div>\n\t\t\t\t<\/div>\n\t\t\t\t\t<\/div>\n\t\t<\/div>\n\t\t\t\t\t<\/div>\n\t\t<\/section>\n\t\t\t\t<section class=\"elementor-section elementor-top-section elementor-element elementor-element-3b4e62d elementor-section-boxed elementor-section-height-default elementor-section-height-default\" data-id=\"3b4e62d\" data-element_type=\"section\">\n\t\t\t\t\t\t<div class=\"elementor-container elementor-column-gap-default\">\n\t\t\t\t\t<div class=\"elementor-column elementor-col-50 elementor-top-column elementor-element elementor-element-6447a9b\" data-id=\"6447a9b\" data-element_type=\"column\">\n\t\t\t<div class=\"elementor-widget-wrap elementor-element-populated\">\n\t\t\t\t\t\t<div class=\"elementor-element elementor-element-4b830f8 elementor-widget elementor-widget-text-editor\" data-id=\"4b830f8\" data-element_type=\"widget\" data-widget_type=\"text-editor.default\">\n\t\t\t\t<div class=\"elementor-widget-container\">\n\t\t\t\t\t\t\t\t\t<p><strong>Tableaux de conf\u00e9rence <\/strong><\/p><p>Permettent une collaboration facile en temps r\u00e9el. Papier blanc brillant, perfor\u00e9 pour un retrait facile afin que vous puissiez afficher les feuilles c\u00f4te \u00e0 c\u00f4te ou les emporter avec vous. S&rsquo;adapte \u00e0 un chevalet de pr\u00e9sentation standard.\u00a0<\/p><p><span data-ccp-props=\"{}\">\u00a0<\/span><\/p><p><b><span data-contrast=\"auto\">Tableaux blancs<\/span><\/b><span data-ccp-props=\"{}\">\u00a0<\/span><\/p><p><span data-contrast=\"auto\">Un autre excellent outil de collaboration. Remuez-vous les m\u00e9ninges pour trouver de nouvelles id\u00e9es, partagez des strat\u00e9gies, puis faites table rase et recommencez. <\/span><span data-ccp-props=\"{}\">\u00a0<\/span><\/p><p><span data-ccp-props=\"{}\">\u00a0<\/span><\/p><p><strong>Pr\u00e9sentateurs sans fil avec pointeurs laser\u00a0<\/strong><\/p><p>Un afficheur de diapositives simple et facile \u00e0 utiliser pour les transitions de diapositives de pr\u00e9sentation.\u00a0D\u00e9placez-vous dans la salle et faites participer votre auditoire.\u00a0Attirez l&rsquo;attention sur des zones sp\u00e9cifiques gr\u00e2ce \u00e0 un pointeur laser int\u00e9gr\u00e9.\u00a0<\/p><p><span data-ccp-props=\"{}\">\u00a0<\/span><\/p><p><strong>Lampes de signalisation <\/strong><\/p><p>Donnez le signal \u00e0 vos pr\u00e9sentateurs ou \u00e0 l&rsquo;\u00e9quipe de la salle pour que votre r\u00e9union ou votre pr\u00e9sentation se d\u00e9roule sans heurts et en temps voulu.\u00a0<\/p><p><span data-ccp-props=\"{}\">\u00a0<\/span><\/p>\t\t\t\t\t\t\t\t<\/div>\n\t\t\t\t<\/div>\n\t\t\t\t\t<\/div>\n\t\t<\/div>\n\t\t\t\t<div class=\"elementor-column elementor-col-50 elementor-top-column elementor-element elementor-element-0425592\" data-id=\"0425592\" data-element_type=\"column\">\n\t\t\t<div class=\"elementor-widget-wrap elementor-element-populated\">\n\t\t\t\t\t\t<div class=\"elementor-element elementor-element-5cbfaf2 elementor-widget elementor-widget-image\" data-id=\"5cbfaf2\" data-element_type=\"widget\" data-widget_type=\"image.default\">\n\t\t\t\t<div class=\"elementor-widget-container\">\n\t\t\t\t\t\t\t\t\t\t\t\t\t\t\t<img fetchpriority=\"high\" decoding=\"async\" width=\"1024\" height=\"488\" src=\"https:\/\/cdn.encoreglobal.com\/wp-content\/uploads\/sites\/3\/2023\/01\/24030325\/Screen-Shot-2020-11-18-at-3.34.59-PM-1536x732-1-1024x488.png\" class=\"attachment-large size-large wp-image-40876\" alt=\"\" srcset=\"https:\/\/cdn.encoreglobal.com\/wp-content\/uploads\/sites\/3\/2023\/01\/24030325\/Screen-Shot-2020-11-18-at-3.34.59-PM-1536x732-1-1024x488.png 1024w, https:\/\/cdn.encoreglobal.com\/wp-content\/uploads\/sites\/3\/2023\/01\/24030325\/Screen-Shot-2020-11-18-at-3.34.59-PM-1536x732-1-300x143.png 300w, https:\/\/cdn.encoreglobal.com\/wp-content\/uploads\/sites\/3\/2023\/01\/24030325\/Screen-Shot-2020-11-18-at-3.34.59-PM-1536x732-1-768x366.png 768w, https:\/\/cdn.encoreglobal.com\/wp-content\/uploads\/sites\/3\/2023\/01\/24030325\/Screen-Shot-2020-11-18-at-3.34.59-PM-1536x732-1.png 1536w\" sizes=\"(max-width: 1024px) 100vw, 1024px\" \/>\t\t\t\t\t\t\t\t\t\t\t\t\t\t\t<\/div>\n\t\t\t\t<\/div>\n\t\t\t\t\t<\/div>\n\t\t<\/div>\n\t\t\t\t\t<\/div>\n\t\t<\/section>\n\t\t\t\t<section class=\"elementor-section elementor-top-section elementor-element elementor-element-c36257c elementor-section-boxed elementor-section-height-default elementor-section-height-default\" data-id=\"c36257c\" data-element_type=\"section\">\n\t\t\t\t\t\t<div class=\"elementor-container elementor-column-gap-default\">\n\t\t\t\t\t<div class=\"elementor-column elementor-col-50 elementor-top-column elementor-element elementor-element-3ee8554\" data-id=\"3ee8554\" data-element_type=\"column\">\n\t\t\t<div class=\"elementor-widget-wrap elementor-element-populated\">\n\t\t\t\t\t\t<div class=\"elementor-element elementor-element-97b6387 elementor-widget elementor-widget-image\" data-id=\"97b6387\" data-element_type=\"widget\" data-widget_type=\"image.default\">\n\t\t\t\t<div class=\"elementor-widget-container\">\n\t\t\t\t\t\t\t\t\t\t\t\t\t\t\t<img decoding=\"async\" width=\"1024\" height=\"683\" src=\"https:\/\/cdn.encoreglobal.com\/wp-content\/uploads\/sites\/3\/2023\/01\/24030302\/Owl-1024x683.jpg\" class=\"attachment-large size-large wp-image-40874\" alt=\"\" srcset=\"https:\/\/cdn.encoreglobal.com\/wp-content\/uploads\/sites\/3\/2023\/01\/24030302\/Owl-1024x683.jpg 1024w, https:\/\/cdn.encoreglobal.com\/wp-content\/uploads\/sites\/3\/2023\/01\/24030302\/Owl-300x200.jpg 300w, https:\/\/cdn.encoreglobal.com\/wp-content\/uploads\/sites\/3\/2023\/01\/24030302\/Owl-768x512.jpg 768w, https:\/\/cdn.encoreglobal.com\/wp-content\/uploads\/sites\/3\/2023\/01\/24030302\/Owl-1536x1024.jpg 1536w, https:\/\/cdn.encoreglobal.com\/wp-content\/uploads\/sites\/3\/2023\/01\/24030302\/Owl-2048x1366.jpg 2048w\" sizes=\"(max-width: 1024px) 100vw, 1024px\" \/>\t\t\t\t\t\t\t\t\t\t\t\t\t\t\t<\/div>\n\t\t\t\t<\/div>\n\t\t\t\t\t<\/div>\n\t\t<\/div>\n\t\t\t\t<div class=\"elementor-column elementor-col-50 elementor-top-column elementor-element elementor-element-21fa774\" data-id=\"21fa774\" data-element_type=\"column\">\n\t\t\t<div class=\"elementor-widget-wrap elementor-element-populated\">\n\t\t\t\t\t\t<div class=\"elementor-element elementor-element-7731643 elementor-widget elementor-widget-text-editor\" data-id=\"7731643\" data-element_type=\"widget\" data-widget_type=\"text-editor.default\">\n\t\t\t\t<div class=\"elementor-widget-container\">\n\t\t\t\t\t\t\t\t\t<p><b><span data-contrast=\"auto\">ClickShare<\/span><\/b><span data-ccp-props=\"{}\">\u00a0<\/span><\/p><p><span data-ccp-props=\"{}\">Partagez votre \u00e9cran en un simple clic. Partagez du contenu simultan\u00e9ment \u00e0 partir de plusieurs appareils. Se connecte \u00e0 tout \u00e9cran de pr\u00e9sentation et est compatible avec les PC, les Mac et les appareils mobiles (application mobile). <\/span><\/p><p><span data-ccp-props=\"{}\">\u00a0<\/span><\/p><p><b><span data-contrast=\"auto\">Centre de distribution \u00e9lectrique<\/span><\/b><span data-ccp-props=\"{}\">\u00a0<\/span><\/p><p><span data-ccp-props=\"{}\">Partagez l&rsquo;acc\u00e8s de table \u00e0 4 prises \u00e9lectriques standard et huit ports de charge rapide pour les appareils portables. Connectez des tablettes, des t\u00e9l\u00e9phones intelligents, des ordinateurs portables et d&rsquo;autres dispositifs USB et partagez simultan\u00e9ment l&rsquo;alimentation \u00e9lectrique. Avec une protection contre les surtensions, chaque appareil reste bien aliment\u00e9. <\/span><\/p><p><span data-ccp-props=\"{}\">\u00a0<\/span><\/p><p><b><span data-contrast=\"auto\">Lightitude<\/span><\/b><b><span data-contrast=\"auto\">\u2122<\/span><\/b><span data-ccp-props=\"{}\">\u00a0<\/span><\/p><p>Modifiez l&rsquo;\u00e9clairage de votre salle en un simple clic. Stimulez la concentration et l&rsquo;\u00e9nergie des participants gr\u00e2ce \u00e0 des pr\u00e9s\u00e9lections d&rsquo;\u00e9clairage color\u00e9 sur la t\u00e9l\u00e9commande.\u00a0<\/p><p><span data-ccp-props=\"{}\">\u00a0<\/span><\/p><p><b><span data-contrast=\"auto\">Meeting Owl<\/span><\/b><span data-ccp-props=\"{}\">\u00a0<\/span><\/p><p>Cette fonction permet de donner la parole \u00e0 une douzaine de personnes dans votre salle de r\u00e9union. La vid\u00e9o est capable de capter toutes les personnes pr\u00e9sentes autour de la table. Son design discret et non intrusif s&rsquo;installe rapidement, sans logiciel suppl\u00e9mentaire.\u00a0<\/p>\t\t\t\t\t\t\t\t<\/div>\n\t\t\t\t<\/div>\n\t\t\t\t\t<\/div>\n\t\t<\/div>\n\t\t\t\t\t<\/div>\n\t\t<\/section>\n\t\t\t\t<section class=\"elementor-section elementor-top-section elementor-element elementor-element-56a9ae6 elementor-section-stretched elementor-section-boxed elementor-section-height-default elementor-section-height-default\" data-id=\"56a9ae6\" data-element_type=\"section\" data-settings=\"{&quot;stretch_section&quot;:&quot;section-stretched&quot;,&quot;background_background&quot;:&quot;slideshow&quot;,&quot;background_slideshow_gallery&quot;:[{&quot;id&quot;:&quot;2538&quot;,&quot;url&quot;:&quot;https:\\\/\\\/www.encoreglobal.com\\\/app\\\/uploads\\\/sites\\\/3\\\/2020\\\/09\\\/Global-locator-option-scaled-1.jpg&quot;}],&quot;background_slideshow_loop&quot;:&quot;yes&quot;,&quot;background_slideshow_slide_duration&quot;:5000,&quot;background_slideshow_slide_transition&quot;:&quot;fade&quot;,&quot;background_slideshow_transition_duration&quot;:500}\">\n\t\t\t\t\t\t\t<div class=\"elementor-background-overlay\"><\/div>\n\t\t\t\t\t\t\t<div class=\"elementor-container elementor-column-gap-default\">\n\t\t\t\t\t<div class=\"elementor-column elementor-col-50 elementor-top-column elementor-element elementor-element-f7513a4\" data-id=\"f7513a4\" data-element_type=\"column\">\n\t\t\t<div class=\"elementor-widget-wrap elementor-element-populated\">\n\t\t\t\t\t\t<div class=\"elementor-element elementor-element-318b9d2 elementor-widget elementor-widget-heading\" data-id=\"318b9d2\" data-element_type=\"widget\" data-widget_type=\"heading.default\">\n\t\t\t\t<div class=\"elementor-widget-container\">\n\t\t\t\t\t<h2 class=\"elementor-heading-title elementor-size-xxl\"><a href=\"https:\/\/staging.encoreglobal.com\/global-locator\/\">Localisateur global<\/a><\/h2>\t\t\t\t<\/div>\n\t\t\t\t<\/div>\n\t\t\t\t<div class=\"elementor-element elementor-element-6338b14 elementor-widget elementor-widget-text-editor\" data-id=\"6338b14\" data-element_type=\"widget\" data-widget_type=\"text-editor.default\">\n\t\t\t\t<div class=\"elementor-widget-container\">\n\t\t\t\t\t\t\t\t\t<p>Pour contacter un \u00e9tablissement Encore, veuillez consulter notre page <span style=\"color: #ffffff\"><a style=\"color: #ffffff\" href=\"https:\/\/staging.encoreglobal.com\/global-locator\/\">Localisateur global<\/a><\/span>. Filtrez par type de lieu, pays, ville et marque de lieu. Les membres de notre \u00e9quipe qualifi\u00e9e vous guideront vers les solutions les mieux adapt\u00e9es \u00e0 votre type d&rsquo;\u00e9v\u00e9nement.<\/p>\t\t\t\t\t\t\t\t<\/div>\n\t\t\t\t<\/div>\n\t\t\t\t\t<\/div>\n\t\t<\/div>\n\t\t\t\t<div class=\"elementor-column elementor-col-50 elementor-top-column elementor-element elementor-element-db5f751\" data-id=\"db5f751\" data-element_type=\"column\">\n\t\t\t<div class=\"elementor-widget-wrap\">\n\t\t\t\t\t\t\t<\/div>\n\t\t<\/div>\n\t\t\t\t\t<\/div>\n\t\t<\/section>\n\t\t\t\t<\/div>\n\t\t","protected":false},"excerpt":{"rendered":"<p>Solutions pour petites r\u00e9unions et pr\u00e9sentations Supposons que vous faites une pr\u00e9sentation lors d&rsquo;une r\u00e9union hybride dans un \u00e9tablissement local ou lors d&rsquo;une conf\u00e9rence\/association en pr\u00e9sentiel \u00e0 travers le pays. Encore a des outils utiles permettant d&rsquo;optimiser votre exp\u00e9rience de r\u00e9union &#8211; o\u00f9 qu&rsquo;elle soit. Am\u00e9liorez votre pr\u00e9sentation avec des outils d&rsquo;engagement et d&rsquo;affichage vid\u00e9o, &#8230; <a href=\"https:\/\/info.encore-can.com\/fr\/presenter-support\/\">En savoir plus<\/a><\/p>\n","protected":false},"author":6935,"featured_media":40881,"parent":0,"menu_order":0,"comment_status":"closed","ping_status":"closed","template":"","meta":{"footnotes":""},"tags":[],"class_list":["post-40982","page","type-page","status-publish","has-post-thumbnail","hentry"],"yoast_head":"<!-- This site is optimized with the Yoast SEO Premium plugin v25.4 (Yoast SEO v25.4) - https:\/\/yoast.com\/wordpress\/plugins\/seo\/ -->\n<title>Soutien aux pr\u00e9sentateurs - Encore Canada<\/title>\n<meta name=\"robots\" content=\"noindex, follow, max-snippet:-1, max-image-preview:large, max-video-preview:-1\" \/>\n<meta property=\"og:locale\" content=\"fr_CA\" \/>\n<meta property=\"og:type\" content=\"article\" \/>\n<meta property=\"og:title\" content=\"Soutien aux pr\u00e9sentateurs\" \/>\n<meta property=\"og:description\" content=\"Solutions pour petites r\u00e9unions et pr\u00e9sentations Supposons que vous faites une pr\u00e9sentation lors d&rsquo;une r\u00e9union hybride dans un \u00e9tablissement local ou lors d&rsquo;une conf\u00e9rence\/association en pr\u00e9sentiel \u00e0 travers le pays. Encore a des outils utiles permettant d&rsquo;optimiser votre exp\u00e9rience de r\u00e9union &#8211; o\u00f9 qu&rsquo;elle soit. Am\u00e9liorez votre pr\u00e9sentation avec des outils d&rsquo;engagement et d&rsquo;affichage vid\u00e9o, ... En savoir plus\" \/>\n<meta property=\"og:url\" content=\"https:\/\/info.encore-can.com\/fr\/presenter-support\/\" \/>\n<meta property=\"og:site_name\" content=\"Encore Canada\" \/>\n<meta property=\"article:modified_time\" content=\"2023-01-26T21:28:51+00:00\" \/>\n<meta property=\"og:image\" content=\"https:\/\/cdn.encoreglobal.com\/wp-content\/uploads\/sites\/3\/2023\/01\/24030454\/Presenter-support.jpeg\" \/>\n\t<meta property=\"og:image:width\" content=\"1024\" \/>\n\t<meta property=\"og:image:height\" content=\"768\" \/>\n\t<meta property=\"og:image:type\" content=\"image\/jpeg\" \/>\n<meta name=\"twitter:card\" content=\"summary_large_image\" \/>\n<meta name=\"twitter:label1\" content=\"Estimation du temps de lecture\" \/>\n\t<meta name=\"twitter:data1\" content=\"3 minutes\" \/>\n<script type=\"application\/ld+json\" class=\"yoast-schema-graph\">{\"@context\":\"https:\/\/schema.org\",\"@graph\":[{\"@type\":\"WebPage\",\"@id\":\"https:\/\/info.encore-can.com\/fr\/presenter-support\/\",\"url\":\"https:\/\/info.encore-can.com\/fr\/presenter-support\/\",\"name\":\"Soutien aux pr\u00e9sentateurs - Encore Canada\",\"isPartOf\":{\"@id\":\"https:\/\/info.encore-can.com\/#website\"},\"primaryImageOfPage\":{\"@id\":\"https:\/\/info.encore-can.com\/fr\/presenter-support\/#primaryimage\"},\"image\":{\"@id\":\"https:\/\/info.encore-can.com\/fr\/presenter-support\/#primaryimage\"},\"thumbnailUrl\":\"https:\/\/cdn.encoreglobal.com\/wp-content\/uploads\/sites\/3\/2023\/01\/24030454\/Presenter-support.jpeg\",\"datePublished\":\"2023-01-24T05:31:00+00:00\",\"dateModified\":\"2023-01-26T21:28:51+00:00\",\"breadcrumb\":{\"@id\":\"https:\/\/info.encore-can.com\/fr\/presenter-support\/#breadcrumb\"},\"inLanguage\":\"fr-CA\",\"potentialAction\":[{\"@type\":\"ReadAction\",\"target\":[\"https:\/\/info.encore-can.com\/fr\/presenter-support\/\"]}]},{\"@type\":\"ImageObject\",\"inLanguage\":\"fr-CA\",\"@id\":\"https:\/\/info.encore-can.com\/fr\/presenter-support\/#primaryimage\",\"url\":\"https:\/\/cdn.encoreglobal.com\/wp-content\/uploads\/sites\/3\/2023\/01\/24030454\/Presenter-support.jpeg\",\"contentUrl\":\"https:\/\/cdn.encoreglobal.com\/wp-content\/uploads\/sites\/3\/2023\/01\/24030454\/Presenter-support.jpeg\",\"width\":1024,\"height\":768,\"caption\":\"Presenter support\"},{\"@type\":\"BreadcrumbList\",\"@id\":\"https:\/\/info.encore-can.com\/fr\/presenter-support\/#breadcrumb\",\"itemListElement\":[{\"@type\":\"ListItem\",\"position\":1,\"name\":\"Home\",\"item\":\"https:\/\/info.encore-can.com\/fr\/\"},{\"@type\":\"ListItem\",\"position\":2,\"name\":\"Soutien aux pr\u00e9sentateurs\"}]},{\"@type\":\"WebSite\",\"@id\":\"https:\/\/info.encore-can.com\/#website\",\"url\":\"https:\/\/info.encore-can.com\/\",\"name\":\"Encore Canada\",\"description\":\"Events That Transform\",\"publisher\":{\"@id\":\"https:\/\/info.encore-can.com\/#organization\"},\"potentialAction\":[{\"@type\":\"SearchAction\",\"target\":{\"@type\":\"EntryPoint\",\"urlTemplate\":\"https:\/\/info.encore-can.com\/?s={search_term_string}\"},\"query-input\":{\"@type\":\"PropertyValueSpecification\",\"valueRequired\":true,\"valueName\":\"search_term_string\"}}],\"inLanguage\":\"fr-CA\"},{\"@type\":\"Organization\",\"@id\":\"https:\/\/info.encore-can.com\/#organization\",\"name\":\"Encore Canada\",\"url\":\"https:\/\/info.encore-can.com\/\",\"logo\":{\"@type\":\"ImageObject\",\"inLanguage\":\"fr-CA\",\"@id\":\"https:\/\/info.encore-can.com\/#\/schema\/logo\/image\/\",\"url\":\"https:\/\/cdn.encoreglobal.com\/wp-content\/uploads\/sites\/3\/2021\/11\/12165255\/encore-logo.png\",\"contentUrl\":\"https:\/\/cdn.encoreglobal.com\/wp-content\/uploads\/sites\/3\/2021\/11\/12165255\/encore-logo.png\",\"width\":708,\"height\":395,\"caption\":\"Encore Canada\"},\"image\":{\"@id\":\"https:\/\/info.encore-can.com\/#\/schema\/logo\/image\/\"}}]}<\/script>\n<!-- \/ Yoast SEO Premium plugin. -->","yoast_head_json":{"title":"Soutien aux pr\u00e9sentateurs - Encore Canada","robots":{"index":"noindex","follow":"follow","max-snippet":"max-snippet:-1","max-image-preview":"max-image-preview:large","max-video-preview":"max-video-preview:-1"},"og_locale":"fr_CA","og_type":"article","og_title":"Soutien aux pr\u00e9sentateurs","og_description":"Solutions pour petites r\u00e9unions et pr\u00e9sentations Supposons que vous faites une pr\u00e9sentation lors d&rsquo;une r\u00e9union hybride dans un \u00e9tablissement local ou lors d&rsquo;une conf\u00e9rence\/association en pr\u00e9sentiel \u00e0 travers le pays. Encore a des outils utiles permettant d&rsquo;optimiser votre exp\u00e9rience de r\u00e9union &#8211; o\u00f9 qu&rsquo;elle soit. Am\u00e9liorez votre pr\u00e9sentation avec des outils d&rsquo;engagement et d&rsquo;affichage vid\u00e9o, ... En savoir plus","og_url":"https:\/\/info.encore-can.com\/fr\/presenter-support\/","og_site_name":"Encore Canada","article_modified_time":"2023-01-26T21:28:51+00:00","og_image":[{"width":1024,"height":768,"url":"https:\/\/cdn.encoreglobal.com\/wp-content\/uploads\/sites\/3\/2023\/01\/24030454\/Presenter-support.jpeg","type":"image\/jpeg"}],"twitter_card":"summary_large_image","twitter_misc":{"Estimation du temps de lecture":"3 minutes"},"schema":{"@context":"https:\/\/schema.org","@graph":[{"@type":"WebPage","@id":"https:\/\/info.encore-can.com\/fr\/presenter-support\/","url":"https:\/\/info.encore-can.com\/fr\/presenter-support\/","name":"Soutien aux pr\u00e9sentateurs - Encore Canada","isPartOf":{"@id":"https:\/\/info.encore-can.com\/#website"},"primaryImageOfPage":{"@id":"https:\/\/info.encore-can.com\/fr\/presenter-support\/#primaryimage"},"image":{"@id":"https:\/\/info.encore-can.com\/fr\/presenter-support\/#primaryimage"},"thumbnailUrl":"https:\/\/cdn.encoreglobal.com\/wp-content\/uploads\/sites\/3\/2023\/01\/24030454\/Presenter-support.jpeg","datePublished":"2023-01-24T05:31:00+00:00","dateModified":"2023-01-26T21:28:51+00:00","breadcrumb":{"@id":"https:\/\/info.encore-can.com\/fr\/presenter-support\/#breadcrumb"},"inLanguage":"fr-CA","potentialAction":[{"@type":"ReadAction","target":["https:\/\/info.encore-can.com\/fr\/presenter-support\/"]}]},{"@type":"ImageObject","inLanguage":"fr-CA","@id":"https:\/\/info.encore-can.com\/fr\/presenter-support\/#primaryimage","url":"https:\/\/cdn.encoreglobal.com\/wp-content\/uploads\/sites\/3\/2023\/01\/24030454\/Presenter-support.jpeg","contentUrl":"https:\/\/cdn.encoreglobal.com\/wp-content\/uploads\/sites\/3\/2023\/01\/24030454\/Presenter-support.jpeg","width":1024,"height":768,"caption":"Presenter support"},{"@type":"BreadcrumbList","@id":"https:\/\/info.encore-can.com\/fr\/presenter-support\/#breadcrumb","itemListElement":[{"@type":"ListItem","position":1,"name":"Home","item":"https:\/\/info.encore-can.com\/fr\/"},{"@type":"ListItem","position":2,"name":"Soutien aux pr\u00e9sentateurs"}]},{"@type":"WebSite","@id":"https:\/\/info.encore-can.com\/#website","url":"https:\/\/info.encore-can.com\/","name":"Encore Canada","description":"Events That Transform","publisher":{"@id":"https:\/\/info.encore-can.com\/#organization"},"potentialAction":[{"@type":"SearchAction","target":{"@type":"EntryPoint","urlTemplate":"https:\/\/info.encore-can.com\/?s={search_term_string}"},"query-input":{"@type":"PropertyValueSpecification","valueRequired":true,"valueName":"search_term_string"}}],"inLanguage":"fr-CA"},{"@type":"Organization","@id":"https:\/\/info.encore-can.com\/#organization","name":"Encore Canada","url":"https:\/\/info.encore-can.com\/","logo":{"@type":"ImageObject","inLanguage":"fr-CA","@id":"https:\/\/info.encore-can.com\/#\/schema\/logo\/image\/","url":"https:\/\/cdn.encoreglobal.com\/wp-content\/uploads\/sites\/3\/2021\/11\/12165255\/encore-logo.png","contentUrl":"https:\/\/cdn.encoreglobal.com\/wp-content\/uploads\/sites\/3\/2021\/11\/12165255\/encore-logo.png","width":708,"height":395,"caption":"Encore Canada"},"image":{"@id":"https:\/\/info.encore-can.com\/#\/schema\/logo\/image\/"}}]}},"_links":{"self":[{"href":"https:\/\/info.encore-can.com\/fr\/wp-json\/wp\/v2\/pages\/40982","targetHints":{"allow":["GET"]}}],"collection":[{"href":"https:\/\/info.encore-can.com\/fr\/wp-json\/wp\/v2\/pages"}],"about":[{"href":"https:\/\/info.encore-can.com\/fr\/wp-json\/wp\/v2\/types\/page"}],"author":[{"embeddable":true,"href":"https:\/\/info.encore-can.com\/fr\/wp-json\/wp\/v2\/users\/6935"}],"replies":[{"embeddable":true,"href":"https:\/\/info.encore-can.com\/fr\/wp-json\/wp\/v2\/comments?post=40982"}],"version-history":[{"count":0,"href":"https:\/\/info.encore-can.com\/fr\/wp-json\/wp\/v2\/pages\/40982\/revisions"}],"wp:featuredmedia":[{"embeddable":true,"href":"https:\/\/info.encore-can.com\/fr\/wp-json\/wp\/v2\/media\/40881"}],"wp:attachment":[{"href":"https:\/\/info.encore-can.com\/fr\/wp-json\/wp\/v2\/media?parent=40982"}],"wp:term":[{"taxonomy":"post_tag","embeddable":true,"href":"https:\/\/info.encore-can.com\/fr\/wp-json\/wp\/v2\/tags?post=40982"}],"curies":[{"name":"wp","href":"https:\/\/api.w.org\/{rel}","templated":true}]}}