{"id":40984,"date":"2023-01-24T05:34:32","date_gmt":"2023-01-24T05:34:32","guid":{"rendered":"https:\/\/www.encore-can.com\/?page_id=40984"},"modified":"2024-03-23T13:10:14","modified_gmt":"2024-03-23T13:10:14","slug":"greage","status":"publish","type":"page","link":"https:\/\/info.encore-can.com\/fr\/greage\/","title":{"rendered":"Gr\u00e9age"},"content":{"rendered":"\t\t<div data-elementor-type=\"wp-page\" data-elementor-id=\"40984\" class=\"elementor elementor-40984 elementor-2698\" data-elementor-post-type=\"page\">\n\t\t\t\t\t\t<section class=\"elementor-section elementor-top-section elementor-element elementor-element-2d039719 elementor-section-stretched logo-bg left grey-border-bottom elementor-section-boxed elementor-section-height-default elementor-section-height-default\" data-id=\"2d039719\" data-element_type=\"section\" data-settings=\"{&quot;stretch_section&quot;:&quot;section-stretched&quot;,&quot;background_background&quot;:&quot;classic&quot;}\">\n\t\t\t\t\t\t<div class=\"elementor-container elementor-column-gap-default\">\n\t\t\t\t\t<div class=\"elementor-column elementor-col-100 elementor-top-column elementor-element elementor-element-42671879\" data-id=\"42671879\" data-element_type=\"column\">\n\t\t\t<div class=\"elementor-widget-wrap elementor-element-populated\">\n\t\t\t\t\t\t<div class=\"elementor-element elementor-element-2211a246 elementor-widget elementor-widget-text-editor\" data-id=\"2211a246\" data-element_type=\"widget\" data-widget_type=\"text-editor.default\">\n\t\t\t\t<div class=\"elementor-widget-container\">\n\t\t\t\t\t\t\t\t\t<h2 style=\"text-align: center\">Services de gr\u00e9age \u2013 Accent sur la s\u00e9curit\u00e9 et l&rsquo;exp\u00e9rience client<\/h2><p>La gamme et la capacit\u00e9 des installations de gr\u00e9age dans un espace \u00e9v\u00e9nementiel peuvent influencer consid\u00e9rablement l&rsquo;efficacit\u00e9 des \u00e9l\u00e9ments audio, visuels, d&rsquo;\u00e9clairage et de mise en sc\u00e8ne. Le gr\u00e9age de l&rsquo;\u00e9quipement sur le toit d&rsquo;un espace \u00e9v\u00e9nementiel permet de d\u00e9gager les lignes de vue vers l&rsquo;espace sc\u00e9nique et de cr\u00e9er un environnement sans encombrement pour que l&rsquo;auditoire puisse se d\u00e9placer et r\u00e9seauter avec aise.<\/p><p>Avec les \u00e9quipements et les c\u00e2bles encastr\u00e9s dans le toit, vous disposez de la surface n\u00e9cessaire pour choisir le meilleur style d&rsquo;assise pour votre type d&rsquo;\u00e9v\u00e9nement. En outre, si vous avez un style ou un th\u00e8me particulier pour votre \u00e9v\u00e9nement, vous vous assurez que la technologie de pr\u00e9sentation am\u00e9liore la conception de l&rsquo;\u00e9v\u00e9nement.<\/p>\t\t\t\t\t\t\t\t<\/div>\n\t\t\t\t<\/div>\n\t\t\t\t\t<\/div>\n\t\t<\/div>\n\t\t\t\t\t<\/div>\n\t\t<\/section>\n\t\t\t\t<section class=\"elementor-section elementor-top-section elementor-element elementor-element-30604912 elementor-section-boxed elementor-section-height-default elementor-section-height-default\" data-id=\"30604912\" data-element_type=\"section\">\n\t\t\t\t\t\t<div class=\"elementor-container elementor-column-gap-default\">\n\t\t\t\t\t<div class=\"elementor-column elementor-col-100 elementor-top-column elementor-element elementor-element-32f2a3e3\" data-id=\"32f2a3e3\" data-element_type=\"column\">\n\t\t\t<div class=\"elementor-widget-wrap elementor-element-populated\">\n\t\t\t\t\t\t<div class=\"elementor-element elementor-element-13144f34 elementor-widget elementor-widget-spacer\" data-id=\"13144f34\" data-element_type=\"widget\" data-widget_type=\"spacer.default\">\n\t\t\t\t<div class=\"elementor-widget-container\">\n\t\t\t\t\t\t\t<div class=\"elementor-spacer\">\n\t\t\t<div class=\"elementor-spacer-inner\"><\/div>\n\t\t<\/div>\n\t\t\t\t\t\t<\/div>\n\t\t\t\t<\/div>\n\t\t\t\t\t<\/div>\n\t\t<\/div>\n\t\t\t\t\t<\/div>\n\t\t<\/section>\n\t\t\t\t<section class=\"elementor-section elementor-top-section elementor-element elementor-element-33c3dd67 elementor-section-boxed elementor-section-height-default elementor-section-height-default\" data-id=\"33c3dd67\" data-element_type=\"section\">\n\t\t\t\t\t\t<div class=\"elementor-container elementor-column-gap-default\">\n\t\t\t\t\t<div class=\"elementor-column elementor-col-50 elementor-top-column elementor-element elementor-element-552e5d9\" data-id=\"552e5d9\" data-element_type=\"column\">\n\t\t\t<div class=\"elementor-widget-wrap elementor-element-populated\">\n\t\t\t\t\t\t<div class=\"elementor-element elementor-element-7469ebfd elementor-widget elementor-widget-text-editor\" data-id=\"7469ebfd\" data-element_type=\"widget\" data-widget_type=\"text-editor.default\">\n\t\t\t\t<div class=\"elementor-widget-container\">\n\t\t\t\t\t\t\t\t\t<h2>Solutions de gr\u00e9age<\/h2><p>En tant qu&rsquo;entrepreneur interne exclusif en mati\u00e8re de gr\u00e9age pour de nombreux \u00e9tablissements partenaires, notre principale responsabilit\u00e9 est de veiller \u00e0 ce que tous les travaux de gr\u00e9age soient ex\u00e9cut\u00e9s en toute s\u00e9curit\u00e9.<\/p><p>Vous pouvez compter sur notre \u00e9quipe d\u00e9vou\u00e9e de gr\u00e9eurs certifi\u00e9s pour planifier et ex\u00e9cuter un syst\u00e8me de gr\u00e9age complet respectant les normes de s\u00e9curit\u00e9 les plus strictes.\u00a0<\/p><p>Nos programmes de formation sont en constante \u00e9volution afin de r\u00e9pondre \u00e0 tout changement dans les normes de l&rsquo;industrie.<\/p><p>De l&rsquo;ing\u00e9nierie structurelle et des normes r\u00e9glementaires aux programmes d&rsquo;inspection des points de montage, les services de gr\u00e9age d&rsquo;Encore sont pr\u00e9par\u00e9s pour n&rsquo;importe quel \u00e9tablissement.\u00a0<\/p><ul><li style=\"list-style-type: none\"><ul><li style=\"list-style-type: none\"><ul><li>Informez-vous au sujet des <a href=\"https:\/\/www.encore-can.com\/rigging-standards\/\"><strong>normes de gr\u00e9age d&rsquo;Encore<\/strong><\/a><\/li><\/ul><\/li><\/ul><\/li><\/ul><ul><li style=\"list-style-type: none\"><ul><li style=\"list-style-type: none\"><ul><li>Compl\u00e9tez le <span style=\"color: #f29835\"><strong><u>formulaire de gr\u00e9age Encore <\/u><\/strong><\/span><span style=\"color: black\">\u00a0afin demander de l&rsquo;information ou des services relatifs au gr\u00e9age.\u00a0<\/span><br \/><p style=\"margin-bottom: 0in;line-height: normal;vertical-align: baseline\">\u00a0<\/p><\/li><\/ul><\/li><\/ul><\/li><\/ul>\t\t\t\t\t\t\t\t<\/div>\n\t\t\t\t<\/div>\n\t\t\t\t\t<\/div>\n\t\t<\/div>\n\t\t\t\t<div class=\"elementor-column elementor-col-50 elementor-top-column elementor-element elementor-element-f3dbd5d\" data-id=\"f3dbd5d\" data-element_type=\"column\">\n\t\t\t<div class=\"elementor-widget-wrap elementor-element-populated\">\n\t\t\t\t\t\t<div class=\"elementor-element elementor-element-3be2e189 elementor-widget elementor-widget-image\" data-id=\"3be2e189\" data-element_type=\"widget\" data-widget_type=\"image.default\">\n\t\t\t\t<div class=\"elementor-widget-container\">\n\t\t\t\t\t\t\t\t\t\t\t\t\t\t\t\t<a href=\"https:\/\/info.encoreglobal.com\/app\/uploads\/sites\/3\/2020\/09\/riggingparty-scaled-1.jpg\" data-elementor-open-lightbox=\"yes\" data-elementor-lightbox-title=\"riggingparty-scaled.jpg\" data-e-action-hash=\"#elementor-action%3Aaction%3Dlightbox%26settings%3DeyJpZCI6MjYxOSwidXJsIjoiaHR0cHM6XC9cL2Nkbi5lbmNvcmVnbG9iYWwuY29tXC93cC1jb250ZW50XC91cGxvYWRzXC9zaXRlc1wvM1wvMjAyMFwvMDlcLzI5MTkyNTA5XC9yaWdnaW5ncGFydHktc2NhbGVkLTEuanBnIn0%3D\">\n\t\t\t\t\t\t\t<img fetchpriority=\"high\" decoding=\"async\" width=\"2560\" height=\"1828\" src=\"https:\/\/cdn.encoreglobal.com\/wp-content\/uploads\/sites\/3\/2020\/09\/29192509\/riggingparty-scaled-1.jpg\" class=\"attachment-full size-full wp-image-2619\" alt=\"\" srcset=\"https:\/\/cdn.encoreglobal.com\/wp-content\/uploads\/sites\/3\/2020\/09\/29192509\/riggingparty-scaled-1.jpg 2560w, https:\/\/cdn.encoreglobal.com\/wp-content\/uploads\/sites\/3\/2020\/09\/29192509\/riggingparty-scaled-1-300x214.jpg 300w, https:\/\/cdn.encoreglobal.com\/wp-content\/uploads\/sites\/3\/2020\/09\/29192509\/riggingparty-scaled-1-1024x731.jpg 1024w, https:\/\/cdn.encoreglobal.com\/wp-content\/uploads\/sites\/3\/2020\/09\/29192509\/riggingparty-scaled-1-768x548.jpg 768w, https:\/\/cdn.encoreglobal.com\/wp-content\/uploads\/sites\/3\/2020\/09\/29192509\/riggingparty-scaled-1-1536x1097.jpg 1536w, https:\/\/cdn.encoreglobal.com\/wp-content\/uploads\/sites\/3\/2020\/09\/29192509\/riggingparty-scaled-1-2048x1462.jpg 2048w\" sizes=\"(max-width: 2560px) 100vw, 2560px\" \/>\t\t\t\t\t\t\t\t<\/a>\n\t\t\t\t\t\t\t\t\t\t\t\t\t\t\t<\/div>\n\t\t\t\t<\/div>\n\t\t\t\t\t<\/div>\n\t\t<\/div>\n\t\t\t\t\t<\/div>\n\t\t<\/section>\n\t\t\t\t<section class=\"elementor-section elementor-top-section elementor-element elementor-element-38c7472 elementor-section-boxed elementor-section-height-default elementor-section-height-default\" data-id=\"38c7472\" data-element_type=\"section\">\n\t\t\t\t\t\t<div class=\"elementor-container elementor-column-gap-default\">\n\t\t\t\t\t<div class=\"elementor-column elementor-col-100 elementor-top-column elementor-element elementor-element-c87c411\" data-id=\"c87c411\" data-element_type=\"column\">\n\t\t\t<div class=\"elementor-widget-wrap elementor-element-populated\">\n\t\t\t\t\t\t<div class=\"elementor-element elementor-element-6ad01f0 elementor-widget elementor-widget-spacer\" data-id=\"6ad01f0\" data-element_type=\"widget\" data-widget_type=\"spacer.default\">\n\t\t\t\t<div class=\"elementor-widget-container\">\n\t\t\t\t\t\t\t<div class=\"elementor-spacer\">\n\t\t\t<div class=\"elementor-spacer-inner\"><\/div>\n\t\t<\/div>\n\t\t\t\t\t\t<\/div>\n\t\t\t\t<\/div>\n\t\t\t\t\t<\/div>\n\t\t<\/div>\n\t\t\t\t\t<\/div>\n\t\t<\/section>\n\t\t\t\t<section class=\"elementor-section elementor-top-section elementor-element elementor-element-3435b89 elementor-section-boxed elementor-section-height-default elementor-section-height-default\" data-id=\"3435b89\" data-element_type=\"section\">\n\t\t\t\t\t\t<div class=\"elementor-container elementor-column-gap-default\">\n\t\t\t\t\t<div class=\"elementor-column elementor-col-100 elementor-top-column elementor-element elementor-element-f50887c\" data-id=\"f50887c\" data-element_type=\"column\">\n\t\t\t<div class=\"elementor-widget-wrap elementor-element-populated\">\n\t\t\t\t\t\t<div class=\"elementor-element elementor-element-4f65900 elementor-widget elementor-widget-heading\" data-id=\"4f65900\" data-element_type=\"widget\" data-widget_type=\"heading.default\">\n\t\t\t\t<div class=\"elementor-widget-container\">\n\t\t\t\t\t<h2 class=\"elementor-heading-title elementor-size-default\">D\u00e9couvrez comment nous pouvons transformer votre espace \u00e9v\u00e9nementiel gr\u00e2ce \u00e0 des solutions de gr\u00e9age s\u00e9curitaires et adaptables. Appelez-nous au 888-287-3687 ou cliquez sur le bouton ci-dessous pour d\u00e9buter !<\/h2>\t\t\t\t<\/div>\n\t\t\t\t<\/div>\n\t\t\t\t<div class=\"elementor-element elementor-element-f820246 elementor-align-center encore-utm-lightbox elementor-widget elementor-widget-button\" data-id=\"f820246\" data-element_type=\"widget\" data-widget_type=\"button.default\">\n\t\t\t\t<div class=\"elementor-widget-container\">\n\t\t\t\t\t\t\t\t\t<div class=\"elementor-button-wrapper\">\n\t\t\t\t\t<a class=\"elementor-button elementor-button-link elementor-size-sm\" href=\"https:\/\/create.encore-can.com\/cafContact\" data-width=\"800\">\n\t\t\t\t\t\t<span class=\"elementor-button-content-wrapper\">\n\t\t\t\t\t\t\t\t\t<span class=\"elementor-button-text\">Contactez-nous<\/span>\n\t\t\t\t\t<\/span>\n\t\t\t\t\t<\/a>\n\t\t\t\t<\/div>\n\t\t\t\t\t\t\t\t<\/div>\n\t\t\t\t<\/div>\n\t\t\t\t\t<\/div>\n\t\t<\/div>\n\t\t\t\t\t<\/div>\n\t\t<\/section>\n\t\t\t\t<section class=\"elementor-section elementor-top-section elementor-element elementor-element-22aba3c elementor-section-boxed elementor-section-height-default elementor-section-height-default\" data-id=\"22aba3c\" data-element_type=\"section\">\n\t\t\t\t\t\t<div class=\"elementor-container elementor-column-gap-default\">\n\t\t\t\t\t<div class=\"elementor-column elementor-col-100 elementor-top-column elementor-element elementor-element-6a8e4b7\" data-id=\"6a8e4b7\" data-element_type=\"column\">\n\t\t\t<div class=\"elementor-widget-wrap\">\n\t\t\t\t\t\t\t<\/div>\n\t\t<\/div>\n\t\t\t\t\t<\/div>\n\t\t<\/section>\n\t\t\t\t<\/div>\n\t\t","protected":false},"excerpt":{"rendered":"<p>Services de gr\u00e9age \u2013 Accent sur la s\u00e9curit\u00e9 et l&rsquo;exp\u00e9rience client La gamme et la capacit\u00e9 des installations de gr\u00e9age dans un espace \u00e9v\u00e9nementiel peuvent influencer consid\u00e9rablement l&rsquo;efficacit\u00e9 des \u00e9l\u00e9ments audio, visuels, d&rsquo;\u00e9clairage et de mise en sc\u00e8ne. Le gr\u00e9age de l&rsquo;\u00e9quipement sur le toit d&rsquo;un espace \u00e9v\u00e9nementiel permet de d\u00e9gager les lignes de vue &#8230; <a href=\"https:\/\/info.encore-can.com\/fr\/greage\/\">En savoir plus<\/a><\/p>\n","protected":false},"author":6935,"featured_media":2700,"parent":0,"menu_order":0,"comment_status":"closed","ping_status":"closed","template":"","meta":{"footnotes":""},"tags":[],"class_list":["post-40984","page","type-page","status-publish","has-post-thumbnail","hentry","resource-types-outils-de-planification"],"yoast_head":"<!-- This site is optimized with the Yoast SEO Premium plugin v25.4 (Yoast SEO v25.4) - https:\/\/yoast.com\/wordpress\/plugins\/seo\/ -->\n<title>Gr\u00e9age - Encore Canada<\/title>\n<meta name=\"robots\" content=\"noindex, follow, max-snippet:-1, max-image-preview:large, max-video-preview:-1\" \/>\n<meta property=\"og:locale\" content=\"fr_CA\" \/>\n<meta property=\"og:type\" content=\"article\" \/>\n<meta property=\"og:title\" content=\"Gr\u00e9age\" \/>\n<meta property=\"og:description\" content=\"Services de gr\u00e9age \u2013 Accent sur la s\u00e9curit\u00e9 et l&rsquo;exp\u00e9rience client La gamme et la capacit\u00e9 des installations de gr\u00e9age dans un espace \u00e9v\u00e9nementiel peuvent influencer consid\u00e9rablement l&rsquo;efficacit\u00e9 des \u00e9l\u00e9ments audio, visuels, d&rsquo;\u00e9clairage et de mise en sc\u00e8ne. Le gr\u00e9age de l&rsquo;\u00e9quipement sur le toit d&rsquo;un espace \u00e9v\u00e9nementiel permet de d\u00e9gager les lignes de vue ... En savoir plus\" \/>\n<meta property=\"og:url\" content=\"https:\/\/info.encore-can.com\/fr\/greage\/\" \/>\n<meta property=\"og:site_name\" content=\"Encore Canada\" \/>\n<meta property=\"article:modified_time\" content=\"2024-03-23T13:10:14+00:00\" \/>\n<meta property=\"og:image\" content=\"https:\/\/cdn.encoreglobal.com\/wp-content\/uploads\/sites\/3\/2020\/09\/29193253\/rigging-page-1.jpg\" \/>\n\t<meta property=\"og:image:width\" content=\"2560\" \/>\n\t<meta property=\"og:image:height\" content=\"1707\" \/>\n\t<meta property=\"og:image:type\" content=\"image\/jpeg\" \/>\n<meta name=\"twitter:card\" content=\"summary_large_image\" \/>\n<meta name=\"twitter:label1\" content=\"Estimation du temps de lecture\" \/>\n\t<meta name=\"twitter:data1\" content=\"2 minutes\" \/>\n<script type=\"application\/ld+json\" class=\"yoast-schema-graph\">{\"@context\":\"https:\/\/schema.org\",\"@graph\":[{\"@type\":\"WebPage\",\"@id\":\"https:\/\/info.encore-can.com\/fr\/greage\/\",\"url\":\"https:\/\/info.encore-can.com\/fr\/greage\/\",\"name\":\"Gr\u00e9age - Encore Canada\",\"isPartOf\":{\"@id\":\"https:\/\/info.encore-can.com\/#website\"},\"primaryImageOfPage\":{\"@id\":\"https:\/\/info.encore-can.com\/fr\/greage\/#primaryimage\"},\"image\":{\"@id\":\"https:\/\/info.encore-can.com\/fr\/greage\/#primaryimage\"},\"thumbnailUrl\":\"https:\/\/cdn.encoreglobal.com\/wp-content\/uploads\/sites\/3\/2020\/09\/29193253\/rigging-page-1.jpg\",\"datePublished\":\"2023-01-24T05:34:32+00:00\",\"dateModified\":\"2024-03-23T13:10:14+00:00\",\"breadcrumb\":{\"@id\":\"https:\/\/info.encore-can.com\/fr\/greage\/#breadcrumb\"},\"inLanguage\":\"fr-CA\",\"potentialAction\":[{\"@type\":\"ReadAction\",\"target\":[\"https:\/\/info.encore-can.com\/fr\/greage\/\"]}]},{\"@type\":\"ImageObject\",\"inLanguage\":\"fr-CA\",\"@id\":\"https:\/\/info.encore-can.com\/fr\/greage\/#primaryimage\",\"url\":\"https:\/\/cdn.encoreglobal.com\/wp-content\/uploads\/sites\/3\/2020\/09\/29193253\/rigging-page-1.jpg\",\"contentUrl\":\"https:\/\/cdn.encoreglobal.com\/wp-content\/uploads\/sites\/3\/2020\/09\/29193253\/rigging-page-1.jpg\",\"width\":2560,\"height\":1707,\"caption\":\"Event Rigging Services\"},{\"@type\":\"BreadcrumbList\",\"@id\":\"https:\/\/info.encore-can.com\/fr\/greage\/#breadcrumb\",\"itemListElement\":[{\"@type\":\"ListItem\",\"position\":1,\"name\":\"Home\",\"item\":\"https:\/\/info.encore-can.com\/fr\/\"},{\"@type\":\"ListItem\",\"position\":2,\"name\":\"Gr\u00e9age\"}]},{\"@type\":\"WebSite\",\"@id\":\"https:\/\/info.encore-can.com\/#website\",\"url\":\"https:\/\/info.encore-can.com\/\",\"name\":\"Encore Canada\",\"description\":\"Events That Transform\",\"publisher\":{\"@id\":\"https:\/\/info.encore-can.com\/#organization\"},\"potentialAction\":[{\"@type\":\"SearchAction\",\"target\":{\"@type\":\"EntryPoint\",\"urlTemplate\":\"https:\/\/info.encore-can.com\/?s={search_term_string}\"},\"query-input\":{\"@type\":\"PropertyValueSpecification\",\"valueRequired\":true,\"valueName\":\"search_term_string\"}}],\"inLanguage\":\"fr-CA\"},{\"@type\":\"Organization\",\"@id\":\"https:\/\/info.encore-can.com\/#organization\",\"name\":\"Encore Canada\",\"url\":\"https:\/\/info.encore-can.com\/\",\"logo\":{\"@type\":\"ImageObject\",\"inLanguage\":\"fr-CA\",\"@id\":\"https:\/\/info.encore-can.com\/#\/schema\/logo\/image\/\",\"url\":\"https:\/\/cdn.encoreglobal.com\/wp-content\/uploads\/sites\/3\/2021\/11\/12165255\/encore-logo.png\",\"contentUrl\":\"https:\/\/cdn.encoreglobal.com\/wp-content\/uploads\/sites\/3\/2021\/11\/12165255\/encore-logo.png\",\"width\":708,\"height\":395,\"caption\":\"Encore Canada\"},\"image\":{\"@id\":\"https:\/\/info.encore-can.com\/#\/schema\/logo\/image\/\"}}]}<\/script>\n<!-- \/ Yoast SEO Premium plugin. -->","yoast_head_json":{"title":"Gr\u00e9age - Encore Canada","robots":{"index":"noindex","follow":"follow","max-snippet":"max-snippet:-1","max-image-preview":"max-image-preview:large","max-video-preview":"max-video-preview:-1"},"og_locale":"fr_CA","og_type":"article","og_title":"Gr\u00e9age","og_description":"Services de gr\u00e9age \u2013 Accent sur la s\u00e9curit\u00e9 et l&rsquo;exp\u00e9rience client La gamme et la capacit\u00e9 des installations de gr\u00e9age dans un espace \u00e9v\u00e9nementiel peuvent influencer consid\u00e9rablement l&rsquo;efficacit\u00e9 des \u00e9l\u00e9ments audio, visuels, d&rsquo;\u00e9clairage et de mise en sc\u00e8ne. Le gr\u00e9age de l&rsquo;\u00e9quipement sur le toit d&rsquo;un espace \u00e9v\u00e9nementiel permet de d\u00e9gager les lignes de vue ... En savoir plus","og_url":"https:\/\/info.encore-can.com\/fr\/greage\/","og_site_name":"Encore Canada","article_modified_time":"2024-03-23T13:10:14+00:00","og_image":[{"width":2560,"height":1707,"url":"https:\/\/cdn.encoreglobal.com\/wp-content\/uploads\/sites\/3\/2020\/09\/29193253\/rigging-page-1.jpg","type":"image\/jpeg"}],"twitter_card":"summary_large_image","twitter_misc":{"Estimation du temps de lecture":"2 minutes"},"schema":{"@context":"https:\/\/schema.org","@graph":[{"@type":"WebPage","@id":"https:\/\/info.encore-can.com\/fr\/greage\/","url":"https:\/\/info.encore-can.com\/fr\/greage\/","name":"Gr\u00e9age - Encore Canada","isPartOf":{"@id":"https:\/\/info.encore-can.com\/#website"},"primaryImageOfPage":{"@id":"https:\/\/info.encore-can.com\/fr\/greage\/#primaryimage"},"image":{"@id":"https:\/\/info.encore-can.com\/fr\/greage\/#primaryimage"},"thumbnailUrl":"https:\/\/cdn.encoreglobal.com\/wp-content\/uploads\/sites\/3\/2020\/09\/29193253\/rigging-page-1.jpg","datePublished":"2023-01-24T05:34:32+00:00","dateModified":"2024-03-23T13:10:14+00:00","breadcrumb":{"@id":"https:\/\/info.encore-can.com\/fr\/greage\/#breadcrumb"},"inLanguage":"fr-CA","potentialAction":[{"@type":"ReadAction","target":["https:\/\/info.encore-can.com\/fr\/greage\/"]}]},{"@type":"ImageObject","inLanguage":"fr-CA","@id":"https:\/\/info.encore-can.com\/fr\/greage\/#primaryimage","url":"https:\/\/cdn.encoreglobal.com\/wp-content\/uploads\/sites\/3\/2020\/09\/29193253\/rigging-page-1.jpg","contentUrl":"https:\/\/cdn.encoreglobal.com\/wp-content\/uploads\/sites\/3\/2020\/09\/29193253\/rigging-page-1.jpg","width":2560,"height":1707,"caption":"Event Rigging Services"},{"@type":"BreadcrumbList","@id":"https:\/\/info.encore-can.com\/fr\/greage\/#breadcrumb","itemListElement":[{"@type":"ListItem","position":1,"name":"Home","item":"https:\/\/info.encore-can.com\/fr\/"},{"@type":"ListItem","position":2,"name":"Gr\u00e9age"}]},{"@type":"WebSite","@id":"https:\/\/info.encore-can.com\/#website","url":"https:\/\/info.encore-can.com\/","name":"Encore Canada","description":"Events That Transform","publisher":{"@id":"https:\/\/info.encore-can.com\/#organization"},"potentialAction":[{"@type":"SearchAction","target":{"@type":"EntryPoint","urlTemplate":"https:\/\/info.encore-can.com\/?s={search_term_string}"},"query-input":{"@type":"PropertyValueSpecification","valueRequired":true,"valueName":"search_term_string"}}],"inLanguage":"fr-CA"},{"@type":"Organization","@id":"https:\/\/info.encore-can.com\/#organization","name":"Encore Canada","url":"https:\/\/info.encore-can.com\/","logo":{"@type":"ImageObject","inLanguage":"fr-CA","@id":"https:\/\/info.encore-can.com\/#\/schema\/logo\/image\/","url":"https:\/\/cdn.encoreglobal.com\/wp-content\/uploads\/sites\/3\/2021\/11\/12165255\/encore-logo.png","contentUrl":"https:\/\/cdn.encoreglobal.com\/wp-content\/uploads\/sites\/3\/2021\/11\/12165255\/encore-logo.png","width":708,"height":395,"caption":"Encore Canada"},"image":{"@id":"https:\/\/info.encore-can.com\/#\/schema\/logo\/image\/"}}]}},"_links":{"self":[{"href":"https:\/\/info.encore-can.com\/fr\/wp-json\/wp\/v2\/pages\/40984","targetHints":{"allow":["GET"]}}],"collection":[{"href":"https:\/\/info.encore-can.com\/fr\/wp-json\/wp\/v2\/pages"}],"about":[{"href":"https:\/\/info.encore-can.com\/fr\/wp-json\/wp\/v2\/types\/page"}],"author":[{"embeddable":true,"href":"https:\/\/info.encore-can.com\/fr\/wp-json\/wp\/v2\/users\/6935"}],"replies":[{"embeddable":true,"href":"https:\/\/info.encore-can.com\/fr\/wp-json\/wp\/v2\/comments?post=40984"}],"version-history":[{"count":0,"href":"https:\/\/info.encore-can.com\/fr\/wp-json\/wp\/v2\/pages\/40984\/revisions"}],"wp:featuredmedia":[{"embeddable":true,"href":"https:\/\/info.encore-can.com\/fr\/wp-json\/wp\/v2\/media\/2700"}],"wp:attachment":[{"href":"https:\/\/info.encore-can.com\/fr\/wp-json\/wp\/v2\/media?parent=40984"}],"wp:term":[{"taxonomy":"post_tag","embeddable":true,"href":"https:\/\/info.encore-can.com\/fr\/wp-json\/wp\/v2\/tags?post=40984"}],"curies":[{"name":"wp","href":"https:\/\/api.w.org\/{rel}","templated":true}]}}